{"id":11017,"date":"2022-01-20T07:23:56","date_gmt":"2022-01-20T07:23:56","guid":{"rendered":"https:\/\/www.tommyneedle.sk\/contact\/"},"modified":"2025-09-23T14:06:35","modified_gmt":"2025-09-23T14:06:35","slug":"contact","status":"publish","type":"page","link":"https:\/\/tommyneedle.sk\/en\/contact\/","title":{"rendered":"Contact"},"content":{"rendered":"<style>.kb-row-layout-id21_a57ef1-12 > .kt-row-column-wrap{align-content:start;}:where(.kb-row-layout-id21_a57ef1-12 > .kt-row-column-wrap) > .wp-block-kadence-column{justify-content:start;}.kb-row-layout-id21_a57ef1-12 > .kt-row-column-wrap{column-gap:var(--global-kb-gap-md, 2rem);row-gap:var(--global-kb-gap-md, 2rem);padding-top:var(--global-kb-spacing-sm, 1.5rem);padding-bottom:var(--global-kb-spacing-sm, 1.5rem);grid-template-columns:minmax(0, 1fr);}.kb-row-layout-id21_a57ef1-12 > .kt-row-layout-overlay{opacity:0.30;}@media all and (max-width: 1024px){.kb-row-layout-id21_a57ef1-12 > .kt-row-column-wrap{grid-template-columns:minmax(0, 1fr);}}@media all and (max-width: 767px){.kb-row-layout-id21_a57ef1-12 > .kt-row-column-wrap{grid-template-columns:minmax(0, 1fr);}}<\/style><div class=\"kb-row-layout-wrap kb-row-layout-id21_a57ef1-12 alignnone wp-block-kadence-rowlayout\"><div class=\"kt-row-column-wrap kt-has-1-columns kt-row-layout-equal kt-tab-layout-inherit kt-mobile-layout-row kt-row-valign-top\">\n<style>.kadence-column21_2aed50-b2 > .kt-inside-inner-col,.kadence-column21_2aed50-b2 > .kt-inside-inner-col:before{border-top-left-radius:0px;border-top-right-radius:0px;border-bottom-right-radius:0px;border-bottom-left-radius:0px;}.kadence-column21_2aed50-b2 > .kt-inside-inner-col{column-gap:var(--global-kb-gap-sm, 1rem);}.kadence-column21_2aed50-b2 > .kt-inside-inner-col{flex-direction:column;}.kadence-column21_2aed50-b2 > .kt-inside-inner-col > .aligncenter{width:100%;}.kadence-column21_2aed50-b2 > .kt-inside-inner-col:before{opacity:0.3;}.kadence-column21_2aed50-b2{position:relative;}@media all and (max-width: 1024px){.kadence-column21_2aed50-b2 > .kt-inside-inner-col{flex-direction:column;justify-content:center;}}@media all and (max-width: 767px){.kadence-column21_2aed50-b2 > .kt-inside-inner-col{flex-direction:column;justify-content:center;}}<\/style>\n<div class=\"wp-block-kadence-column kadence-column21_2aed50-b2 inner-column-1\"><div class=\"kt-inside-inner-col\">\n<p><iframe loading=\"lazy\" style=\"border: 0;\" src=\"https:\/\/www.google.com\/maps\/embed?pb=!1m18!1m12!1m3!1d42093.27656916492!2d21.215789126953112!3d48.7469481874726!2m3!1f0!2f0!3f0!3m2!1i1024!2i768!4f13.1!3m3!1m2!1s0x473ee164067b2ddb%3A0x193d37c86b587096!2zU290b1YgLSBTdHJvam92w6kgdnnFocOtdmFuaWU!5e0!3m2!1ssk!2ssk!4v1419875516013\" width=\"2000\" height=\"400\" frameborder=\"0\"><\/iframe><\/p>\n<\/div><\/div>\n\n<\/div><\/div><style>.kb-row-layout-id21_23f2b7-1d > .kt-row-column-wrap{align-content:start;}:where(.kb-row-layout-id21_23f2b7-1d > .kt-row-column-wrap) > .wp-block-kadence-column{justify-content:start;}.kb-row-layout-id21_23f2b7-1d > .kt-row-column-wrap{column-gap:var(--global-kb-gap-lg, 4rem);row-gap:var(--global-kb-gap-md, 2rem);padding-top:var(--global-kb-spacing-sm, 1.5rem);padding-bottom:var(--global-kb-spacing-sm, 1.5rem);grid-template-columns:minmax(0, calc(50% - ((var(--global-kb-gap-lg, 4rem) * 1 )\/2)))minmax(0, calc(50% - ((var(--global-kb-gap-lg, 4rem) * 1 )\/2)));}.kb-row-layout-id21_23f2b7-1d > .kt-row-layout-overlay{opacity:0.30;}@media all and (max-width: 1024px){.kb-row-layout-id21_23f2b7-1d > .kt-row-column-wrap{grid-template-columns:repeat(2, minmax(0, 1fr));}}@media all and (max-width: 767px){.kb-row-layout-id21_23f2b7-1d > .kt-row-column-wrap{grid-template-columns:minmax(0, 1fr);}}<\/style><div class=\"kb-row-layout-wrap kb-row-layout-id21_23f2b7-1d alignnone wp-block-kadence-rowlayout\"><div class=\"kt-row-column-wrap kt-has-2-columns kt-row-layout-equal kt-tab-layout-inherit kt-mobile-layout-row kt-row-valign-top\">\n<style>.kadence-column21_483a45-a1 > .kt-inside-inner-col,.kadence-column21_483a45-a1 > .kt-inside-inner-col:before{border-top-left-radius:0px;border-top-right-radius:0px;border-bottom-right-radius:0px;border-bottom-left-radius:0px;}.kadence-column21_483a45-a1 > .kt-inside-inner-col{column-gap:var(--global-kb-gap-sm, 1rem);}.kadence-column21_483a45-a1 > .kt-inside-inner-col{flex-direction:column;}.kadence-column21_483a45-a1 > .kt-inside-inner-col > .aligncenter{width:100%;}.kadence-column21_483a45-a1 > .kt-inside-inner-col:before{opacity:0.3;}.kadence-column21_483a45-a1{position:relative;}@media all and (max-width: 1024px){.kadence-column21_483a45-a1 > .kt-inside-inner-col{flex-direction:column;justify-content:center;}}@media all and (max-width: 767px){.kadence-column21_483a45-a1 > .kt-inside-inner-col{flex-direction:column;justify-content:center;}}<\/style>\n<div class=\"wp-block-kadence-column kadence-column21_483a45-a1 inner-column-1\"><div class=\"kt-inside-inner-col\"><style>.kb-row-layout-id21_f7a8ad-66 > .kt-row-column-wrap{align-content:start;}:where(.kb-row-layout-id21_f7a8ad-66 > .kt-row-column-wrap) > .wp-block-kadence-column{justify-content:start;}.kb-row-layout-id21_f7a8ad-66 > .kt-row-column-wrap{column-gap:var(--global-kb-gap-md, 2rem);row-gap:var(--global-kb-gap-md, 2rem);padding-top:var(--global-kb-spacing-sm, 1.5rem);padding-bottom:var(--global-kb-spacing-sm, 1.5rem);grid-template-columns:repeat(2, minmax(0, 1fr));}.kb-row-layout-id21_f7a8ad-66 > .kt-row-layout-overlay{opacity:0.30;}@media all and (max-width: 1024px){.kb-row-layout-id21_f7a8ad-66 > .kt-row-column-wrap{grid-template-columns:repeat(2, minmax(0, 1fr));}}@media all and (max-width: 767px){.kb-row-layout-id21_f7a8ad-66 > .kt-row-column-wrap{grid-template-columns:minmax(0, 1fr);}}<\/style><div class=\"kb-row-layout-wrap kb-row-layout-id21_f7a8ad-66 alignnone wp-block-kadence-rowlayout\"><div class=\"kt-row-column-wrap kt-has-2-columns kt-row-layout-equal kt-tab-layout-inherit kt-mobile-layout-row kt-row-valign-top\">\n<style>.kadence-column21_c573c0-85 > .kt-inside-inner-col,.kadence-column21_c573c0-85 > .kt-inside-inner-col:before{border-top-left-radius:0px;border-top-right-radius:0px;border-bottom-right-radius:0px;border-bottom-left-radius:0px;}.kadence-column21_c573c0-85 > .kt-inside-inner-col{column-gap:var(--global-kb-gap-sm, 1rem);}.kadence-column21_c573c0-85 > .kt-inside-inner-col{flex-direction:column;}.kadence-column21_c573c0-85 > .kt-inside-inner-col > .aligncenter{width:100%;}.kadence-column21_c573c0-85 > .kt-inside-inner-col:before{opacity:0.3;}.kadence-column21_c573c0-85{position:relative;}@media all and (max-width: 1024px){.kadence-column21_c573c0-85 > .kt-inside-inner-col{flex-direction:column;justify-content:center;}}@media all and (max-width: 767px){.kadence-column21_c573c0-85 > .kt-inside-inner-col{flex-direction:column;justify-content:center;}}<\/style>\n<div class=\"wp-block-kadence-column kadence-column21_c573c0-85 inner-column-1\"><div class=\"kt-inside-inner-col\">\n<h3 class=\"wp-block-heading has-text-align-center\"><strong>Contact<\/strong><\/h3>\n\n\n\n<p class=\"has-text-align-center has-theme-palette-3-color has-text-color has-link-color wp-elements-f52c72c7337e5aec852d733d30de8727\" id=\"email\" style=\"font-size:16px\">Tom\u00e1\u0161 Chalabala<br\/>+421 905 690 734<\/p>\n\n\n\n<p class=\"has-text-align-center has-theme-palette-3-color has-text-color has-link-color wp-elements-20a30c367a1c204b916d0082470356e4\" id=\"email\" style=\"font-size:16px\">info@tommyneedle.sk<strong><br\/><\/strong>tommyneedle@tommyneedle.sk<\/p>\n\n\n\n<h3 class=\"wp-block-heading has-text-align-center\"><strong>Company Headquarters<\/strong><\/h3>\n\n\n\n<p class=\"has-text-align-center\">\u010cerme\u013esk\u00e9 \u00fadolie 6<br\/>040 01 Ko\u0161ice<br\/>Slovakia  <\/p>\n\n\n\n<h3 class=\"wp-block-heading has-text-align-center\"><strong>Opening hours<\/strong><\/h3>\n\n\n\n<p class=\"has-text-align-center\">Mon &#8211; Fri: 8:00 &#8211; 16:00<br\/>Sat &#8211; Sun: closed<\/p>\n<\/div><\/div>\n\n\n<style>.kadence-column21_43fa08-fd > .kt-inside-inner-col,.kadence-column21_43fa08-fd > .kt-inside-inner-col:before{border-top-left-radius:0px;border-top-right-radius:0px;border-bottom-right-radius:0px;border-bottom-left-radius:0px;}.kadence-column21_43fa08-fd > .kt-inside-inner-col{column-gap:var(--global-kb-gap-sm, 1rem);}.kadence-column21_43fa08-fd > .kt-inside-inner-col{flex-direction:column;}.kadence-column21_43fa08-fd > .kt-inside-inner-col > .aligncenter{width:100%;}.kadence-column21_43fa08-fd > .kt-inside-inner-col:before{opacity:0.3;}.kadence-column21_43fa08-fd{position:relative;}@media all and (max-width: 1024px){.kadence-column21_43fa08-fd > .kt-inside-inner-col{flex-direction:column;justify-content:center;}}@media all and (max-width: 767px){.kadence-column21_43fa08-fd > .kt-inside-inner-col{flex-direction:column;justify-content:center;}}<\/style>\n<div class=\"wp-block-kadence-column kadence-column21_43fa08-fd inner-column-2\"><div class=\"kt-inside-inner-col\">\n<h3 class=\"wp-block-heading has-text-align-center\"><strong>Bank details<\/strong><\/h3>\n\n\n\n<p class=\"has-text-align-center\" style=\"font-size:15px\">FIO banka<br\/>account no.:2500805867\/8330<br\/>IBAN: SK71 8330 0000 0025 0080 5867<br\/>BIC\/SWIFT: FIOZSKBAXXX<\/p>\n\n\n\n<h3 class=\"wp-block-heading has-text-align-center\"><strong>Billing details<\/strong><\/h3>\n\n\n\n<p class=\"has-text-align-center\">Tommy The Needle s.r.o.<br\/>\u010cerme\u013esk\u00e9 \u00fadolie 6<br\/>040 01 Ko\u0161ice<\/p>\n\n\n\n<p class=\"has-text-align-center\">VAT ID: SK2120071910<br\/>48169391<br\/>District. court Ko\u0161ice I, section. Ltd. number 37386\/V<\/p>\n<\/div><\/div>\n\n<\/div><\/div><\/div><\/div>\n\n\n<style>.kadence-column21_a2379f-fa > .kt-inside-inner-col{padding-top:5px;}.kadence-column21_a2379f-fa > .kt-inside-inner-col,.kadence-column21_a2379f-fa > .kt-inside-inner-col:before{border-top-left-radius:0px;border-top-right-radius:0px;border-bottom-right-radius:0px;border-bottom-left-radius:0px;}.kadence-column21_a2379f-fa > .kt-inside-inner-col{column-gap:var(--global-kb-gap-sm, 1rem);}.kadence-column21_a2379f-fa > .kt-inside-inner-col{flex-direction:column;}.kadence-column21_a2379f-fa > .kt-inside-inner-col > .aligncenter{width:100%;}.kadence-column21_a2379f-fa > .kt-inside-inner-col:before{opacity:0.3;}.kadence-column21_a2379f-fa{position:relative;}@media all and (max-width: 1024px){.kadence-column21_a2379f-fa > .kt-inside-inner-col{flex-direction:column;justify-content:center;}}@media all and (max-width: 767px){.kadence-column21_a2379f-fa > .kt-inside-inner-col{flex-direction:column;justify-content:center;}}<\/style>\n<div class=\"wp-block-kadence-column kadence-column21_a2379f-fa inner-column-2\"><div class=\"kt-inside-inner-col\"><style>.wp-block-kadence-form.kadence-form-21_eaebc0-6a.kb-form-wrap{margin-top:var(--global-kb-spacing-xs, 1rem);}.kadence-form-21_eaebc0-6a .kb-form .kadence-blocks-form-field .kb-forms-submit{color:#ffffff;border-radius:8px;border-width:0px 0px 0px 0px;background:var(--global-palette1, #3182CE);box-shadow:4px 6px 9px 0px rgba(0, 0, 0, 0.2);}.kadence-form-21_eaebc0-6a .kb-form .kadence-blocks-form-field .kb-forms-submit:hover, .kadence-form-21_eaebc0-6a .kb-form .kadence-blocks-form-field .kb-forms-submit:focus {color:#000000;}.kadence-form-21_eaebc0-6a .kb-form .kadence-blocks-form-field .kb-forms-submit{font-size:18px;line-height:30px;}.kb-form input.kadence-blocks-field.verify{opacity:0.0;position:absolute;top:0.0;left:0.0;width:0.0;height:0.0;z-index:-1;}<\/style>\n<div class=\"wp-block-kadence-form kadence-form-21_eaebc0-6a kb-form-wrap\"><form class=\"kb-form\" action=\"\" method=\"post\" data-error-message=\"Nastala chyba pri valid&#xE1;cii formul&#xE1;ra. Pros&#xED;m skontrolujte jednotliv&#xE9; polo&#x17E;ky a znovu odo&#x161;lite formul&#xE1;r.\"><div class=\"kadence-blocks-form-field kb-field-desk-width-100 kb-input-size-standard\"><input name=\"kb_field_0\" id=\"kb_field_21_eaebc0-6a_0\" data-label=\"Your name\" type=\"text\" placeholder=\"Your name \/ company\" value=\"\" data-type=\"text\" class=\"kb-field kb-text-style-field kb-text-field kb-field-0\" data-required=\"yes\"\/><\/div><div class=\"kadence-blocks-form-field kb-form-field-1 kb-field-desk-width-50 kb-input-size-standard\"><input name=\"kb_field_1\" id=\"kb_field_21_eaebc0-6a_1\" data-label=\"Email\" type=\"email\" placeholder=\"Email\" value=\"\" data-type=\"email\" class=\"kb-field kb-text-style-field kb-email-field kb-field-1\" data-required=\"yes\"\/><\/div><div class=\"kadence-blocks-form-field kb-form-field-2 kb-field-desk-width-50 kb-input-size-standard\"><input name=\"kb_field_2\" id=\"kb_field_21_eaebc0-6a_2\" data-label=\"Phone number\" type=\"text\" placeholder=\"Phone number\" value=\"\" data-type=\"text\" class=\"kb-field kb-text-style-field kb-text-field kb-field-2\"\/><\/div><div class=\"kadence-blocks-form-field kb-form-field-3 kb-field-desk-width-100 kb-input-size-standard\"><textarea name=\"kb_field_3\" id=\"kb_field_21_eaebc0-6a_3\" data-label=\"Your message\" type=\"textarea\" placeholder=\"Your message\" data-type=\"textarea\" class=\"kb-field kb-text-style-field kb-textarea-field kb-field-3\" rows=\"5\" data-required=\"yes\"><\/textarea><\/div><div class=\"kadence-blocks-form-field kb-form-field-4 kb-field-desk-width-100 kb-input-size-standard kb-accept-form-field\"><a href=\"https:\/\/www.tommyneedle.sk\/podmienky-ochrany-osobnych-udajov\/\" target=\"_blank\" rel=\"noopener noreferrer\" class=\"kb-accept-link\">Read our privacy policy.<\/a><input type=\"checkbox\" name=\"kb_field_4\" id=\"kb_field_21_eaebc0-6a_4\" class=\"kb-field kb-checkbox-style kb-accept\" value=\"accept\" data-type=\"accept\" data-required=\"yes\"\/><label for=\"kb_field_21_eaebc0-6a_4\">I agree with the general terms and conditions of personal data protection<span class=\"required\">*<\/span><\/label><\/div><input type=\"hidden\" name=\"_kb_form_id\" value=\"21_eaebc0-6a\"\/><input type=\"hidden\" name=\"_kb_form_post_id\" value=\"11017\"\/><input type=\"hidden\" name=\"action\" value=\"kb_process_ajax_submit\"\/><label class=\"kadence-verify-label\">Email<input class=\"kadence-blocks-field verify\" type=\"text\" name=\"_kb_verify_email\" autocomplete=\"new-password\" aria-hidden=\"true\" placeholder=\"Email\" tabindex=\"-1\" data-1p-ignore=\"true\" data-lpignore=\"true\" \/><\/label><div class=\"kadence-blocks-form-field kb-submit-field kb-field-desk-width-100\"><button class=\"kb-forms-submit button kb-button-size-standard kb-button-width-auto\">Send<\/button><\/div><\/form><\/div>\n<noscript><div class=\"kadence-blocks-form-message kadence-blocks-form-warning\">Please enable JavaScript in your browser to submit the form<\/div><style>.kadence-form-21_eaebc0-6a .kadence-blocks-form-field.kb-submit-field { display: none; }<\/style><\/noscript><\/div><\/div>\n\n<\/div><\/div>","protected":false},"excerpt":{"rendered":"<p>Contact Tom\u00e1\u0161 Chalabala+421 905 690 734 info@tommyneedle.sktommyneedle@tommyneedle.sk Company Headquarters \u010cerme\u013esk\u00e9 \u00fadolie 6040 01 Ko\u0161iceSlovakia Opening hours Mon &#8211; Fri: 8:00 &#8211; 16:00Sat &#8211; Sun: closed Bank details FIO bankaaccount no.:2500805867\/8330IBAN: SK71 8330 0000 0025 0080 5867BIC\/SWIFT: FIOZSKBAXXX Billing details Tommy The Needle s.r.o.\u010cerme\u013esk\u00e9 \u00fadolie 6040 01 Ko\u0161ice VAT ID: SK212007191048169391District. court Ko\u0161ice I, section. Ltd&#8230;.<\/p>\n","protected":false},"author":1,"featured_media":0,"parent":0,"menu_order":0,"comment_status":"open","ping_status":"open","template":"","meta":{"_kad_blocks_custom_css":"","_kad_blocks_head_custom_js":"","_kad_blocks_body_custom_js":"","_kad_blocks_footer_custom_js":"","_kad_post_transparent":"","_kad_post_title":"","_kad_post_layout":"","_kad_post_sidebar_id":"","_kad_post_content_style":"","_kad_post_vertical_padding":"","_kad_post_feature":"","_kad_post_feature_position":"","_kad_post_header":false,"_kad_post_footer":false,"_kad_post_classname":"","footnotes":""},"class_list":["post-11017","page","type-page","status-publish","hentry"],"taxonomy_info":[],"featured_image_src_large":false,"author_info":{"display_name":"Marek Chalabala","author_link":"https:\/\/tommyneedle.sk\/en\/author\/sotov\/"},"comment_info":0,"_links":{"self":[{"href":"https:\/\/tommyneedle.sk\/en\/wp-json\/wp\/v2\/pages\/11017","targetHints":{"allow":["GET"]}}],"collection":[{"href":"https:\/\/tommyneedle.sk\/en\/wp-json\/wp\/v2\/pages"}],"about":[{"href":"https:\/\/tommyneedle.sk\/en\/wp-json\/wp\/v2\/types\/page"}],"author":[{"embeddable":true,"href":"https:\/\/tommyneedle.sk\/en\/wp-json\/wp\/v2\/users\/1"}],"replies":[{"embeddable":true,"href":"https:\/\/tommyneedle.sk\/en\/wp-json\/wp\/v2\/comments?post=11017"}],"version-history":[{"count":2,"href":"https:\/\/tommyneedle.sk\/en\/wp-json\/wp\/v2\/pages\/11017\/revisions"}],"predecessor-version":[{"id":15809,"href":"https:\/\/tommyneedle.sk\/en\/wp-json\/wp\/v2\/pages\/11017\/revisions\/15809"}],"wp:attachment":[{"href":"https:\/\/tommyneedle.sk\/en\/wp-json\/wp\/v2\/media?parent=11017"}],"curies":[{"name":"wp","href":"https:\/\/api.w.org\/{rel}","templated":true}]}}