{"id":11164,"date":"2022-01-25T07:20:45","date_gmt":"2022-01-25T07:20:45","guid":{"rendered":"https:\/\/www.tommyneedle.sk\/?post_type=product&#038;p=11164"},"modified":"2024-08-26T16:09:03","modified_gmt":"2024-08-26T16:09:03","slug":"slovenska-vlajka-vlajuca","status":"publish","type":"product","link":"https:\/\/tommyneedle.sk\/en\/produkt\/slovenska-vlajka-vlajuca\/","title":{"rendered":"N\u00e1\u0161ivka &#8211; Slovensk\u00e1 vlajka &#8220;vlaj\u00faca&#8221;"},"content":{"rendered":"<p>N\u00e1\u0161ivka Slovenskej &#8220;vlaj\u00facej&#8221; vlajky, vy\u0161it\u00e1 kvalitn\u00fdmi visk\u00f3znymi ni\u0165ami na pevn\u00fa l\u00e1tku (65 % polyester 35 % bavlna).<\/p>\n<p>N\u00e1\u0161ivka sa m\u00f4\u017ee pra\u0165 pri max. teplote 60\u00b0C a \u017eehli\u0165 cez prekryt\u00fa text\u00edliu alebo papier na pe\u010denie.<\/p>\n<p>Rozmer n\u00e1\u0161ivky &#8211; 4,0 x 2,5 cm\/ 5,0 x 3,2 cm\/ 6,0 x 3,8 cm\/ 7,0 x 4,5 cm\/ 8,0 x 5,1 cm\/ 9,0 x 5,8 cm\/ 10,0 x 6,4 cm<\/p>\n<p>Typ n\u00e1\u0161ivky &#8211; oby\u010dajn\u00e1 n\u00e1\u0161ivka\/ na\u017eeh\u013eova\u010dka\/ n\u00e1\u0161ivka so such\u00fdm zipsom (h\u00e1\u010dik + ply\u0161)<\/p>\n<p>Farba obruby &#8211; biela\/ \u010dierna<\/p>\n<p><a href=\"https:\/\/www.tommyneedle.sk\/ako-nazehlit-nazhlovaciu-nasivku\/\">Ako na\u017eehli\u0165 na\u017eeh\u013eovaciu n\u00e1\u0161ivku<\/a><\/p>\n<p><strong>V pr\u00edpade ot\u00e1zok n\u00e1s kontaktujte<\/strong> <span style=\"text-decoration: underline;\"><strong><a href=\"https:\/\/www.tommyneedle.sk\/kontakt\/\" target=\"_blank\" rel=\"noopener noreferrer\">tu<\/a><\/strong><\/span>.<\/p>\n","protected":false},"excerpt":{"rendered":"<p>N\u00e1\u0161ivka Slovenskej &#8220;vlaj\u00facej&#8221; vlajky, vy\u0161it\u00e1 kvalitn\u00fdmi visk\u00f3znymi ni\u0165ami na pevn\u00fa l\u00e1tku (65 % polyester 35 % bavlna). N\u00e1\u0161ivka sa m\u00f4\u017ee pra\u0165 pri max. teplote 60\u00b0C a \u017eehli\u0165 cez prekryt\u00fa text\u00edliu alebo papier na pe\u010denie. Rozmer n\u00e1\u0161ivky &#8211; 4,0 x 2,5 cm\/ 5,0 x 3,2 cm\/ 6,0 x 3,8 cm\/ 7,0 x 4,5 cm\/ 8,0 x&#8230;<\/p>\n","protected":false},"featured_media":11403,"comment_status":"open","ping_status":"closed","template":"","meta":{"_kad_blocks_custom_css":"","_kad_blocks_head_custom_js":"","_kad_blocks_body_custom_js":"","_kad_blocks_footer_custom_js":"","_kad_post_transparent":"default","_kad_post_title":"","_kad_post_layout":"default","_kad_post_sidebar_id":"","_kad_post_content_style":"default","_kad_post_vertical_padding":"default","_kad_post_feature":"","_kad_post_feature_position":"","_kad_post_header":false,"_kad_post_footer":false,"_kad_post_classname":""},"product_brand":[],"product_cat":[96,91],"product_tag":[],"class_list":{"0":"post-11164","1":"product","2":"type-product","3":"status-publish","4":"has-post-thumbnail","6":"product_cat-nasivky-menovky-ine","7":"product_cat-ine","9":"first","10":"instock","11":"taxable","12":"shipping-taxable","13":"purchasable","14":"product-type-simple","15":"entry","16":"content-bg","17":"loop-entry"},"exclude_global_add_ons":false,"addons":[{"name":"\u0160\u00edrka n\u00e1\u0161ivky:","type":"multiple_choice","position":0,"required":true,"title_format":"label","default":"","description_enable":false,"description":"","placeholder_enable":false,"placeholder":"","display":"radiobutton","restrictions_type":"any_text","adjust_price":false,"price":"","price_type":"flat_fee","restrictions":false,"min":"0","max":"0","options":[{"label":"4 x 2,5 cm","price":"","price_type":"quantity_based","image":0,"visibility":true},{"label":"5 x 3,2 cm","price":"1","price_type":"quantity_based","image":0,"visibility":true},{"label":"6 x 3,8 cm","price":"2","price_type":"quantity_based","image":0,"visibility":true},{"label":"7 x 4,5 cm","price":"3","price_type":"quantity_based","image":0,"visibility":true},{"label":"8 x 5,1 cm","price":"4","price_type":"quantity_based","image":0,"visibility":true},{"label":"9 x 5,8 cm","price":"5","price_type":"quantity_based","image":0,"visibility":true},{"label":"10 x 6,4 cm","price":"6","price_type":"quantity_based","image":0,"visibility":true}],"id":1673898079},{"name":"Typ n\u00e1\u0161ivky:","type":"multiple_choice","position":1,"required":true,"title_format":"label","default":"","description_enable":false,"description":"","placeholder_enable":false,"placeholder":"","display":"radiobutton","restrictions_type":"any_text","adjust_price":false,"price":"","price_type":"flat_fee","restrictions":false,"min":"0","max":"0","options":[{"label":"klasick\u00fd","price":"","price_type":"quantity_based","image":0,"visibility":true},{"label":"na\u017eeh\u013eova\u010dka","price":"1","price_type":"quantity_based","image":0,"visibility":true},{"label":"na such\u00fd zips","price":"3","price_type":"quantity_based","image":0,"visibility":true}],"id":1673898080},{"name":"Obruba n\u00e1\u0161ivky:","type":"multiple_choice","position":2,"required":true,"title_format":"label","default":"","description_enable":false,"description":"","placeholder_enable":false,"placeholder":"","display":"radiobutton","restrictions_type":"any_text","adjust_price":false,"price":"","price_type":"flat_fee","restrictions":false,"min":"0","max":"0","options":[{"label":"biela","price":"","price_type":"quantity_based","image":0,"visibility":true},{"label":"\u010dierna","price":"","price_type":"quantity_based","image":0,"visibility":true}],"id":1673898081},{"name":"Farba","type":"multiple_choice","position":0,"required":true,"title_format":"label","default":"","description_enable":false,"description":"","placeholder_enable":false,"placeholder":"","display":"radiobutton","restrictions_type":"any_text","adjust_price":false,"price":"","price_type":"flat_fee","restrictions":false,"min":"0","max":"0","options":[{"label":"Biela","price":"","price_type":"flat_fee","image":0,"visibility":true},{"label":"\u010cierna","price":"","price_type":"flat_fee","image":0,"visibility":true},{"label":"Siv\u00e1","price":"","price_type":"flat_fee","image":0,"visibility":true},{"label":"\u010cerven\u00e1","price":"","price_type":"flat_fee","image":0,"visibility":true},{"label":"Modr\u00e1","price":"","price_type":"flat_fee","image":0,"visibility":true},{"label":"Zelen\u00e1","price":"","price_type":"flat_fee","image":0,"visibility":true},{"label":"\u017dlt\u00e1","price":"","price_type":"flat_fee","image":0,"visibility":true}]},{"name":"Ve\u013ekos\u0165","type":"multiple_choice","position":1,"required":true,"title_format":"label","default":"","description_enable":false,"description":"","placeholder_enable":false,"placeholder":"","display":"radiobutton","restrictions_type":"any_text","adjust_price":false,"price":"","price_type":"flat_fee","restrictions":false,"min":"0","max":"0","options":[{"label":"XS","price":"","price_type":"flat_fee","image":0,"visibility":true},{"label":"S","price":"","price_type":"flat_fee","image":0,"visibility":true},{"label":"M","price":"","price_type":"flat_fee","image":0,"visibility":true},{"label":"L","price":"","price_type":"flat_fee","image":0,"visibility":true},{"label":"XL","price":"","price_type":"flat_fee","image":0,"visibility":true},{"label":"XXL","price":"","price_type":"flat_fee","image":0,"visibility":true},{"label":"XXXL","price":"","price_type":"flat_fee","image":0,"visibility":true}]},{"name":"V\u00fd\u0161ivka","type":"multiple_choice","position":2,"required":true,"title_format":"label","default":"","description_enable":false,"description":"","placeholder_enable":false,"placeholder":"","display":"select","restrictions_type":"any_text","adjust_price":false,"price":"","price_type":"flat_fee","restrictions":false,"min":"0","max":"0","options":[{"label":"\u013dudov\u00fd vzor 1","price":"","price_type":"flat_fee","image":0,"visibility":true},{"label":"\u013dudov\u00fd vzor 2","price":"","price_type":"flat_fee","image":0,"visibility":true},{"label":"\u013dudov\u00fd vzor 3","price":"","price_type":"flat_fee","image":0,"visibility":true},{"label":"\u013dudov\u00fd vzor 4","price":"","price_type":"flat_fee","image":0,"visibility":true}]},{"name":"Ak si \u017eel\u00e1te nie\u010do upresni\u0165 nap\u00ed\u0161te to pros\u00edm tu:","type":"custom_text","position":3,"required":false,"title_format":"label","default":"","description_enable":false,"description":"","placeholder_enable":false,"placeholder":"","display":"select","restrictions_type":"any_text","adjust_price":false,"price":"","price_type":"flat_fee","restrictions":false,"min":"0","max":"0","options":[]},{"name":"Farba","type":"multiple_choice","position":0,"required":true,"title_format":"label","default":"","description_enable":false,"description":"","placeholder_enable":false,"placeholder":"","display":"radiobutton","restrictions_type":"any_text","adjust_price":false,"price":"","price_type":"flat_fee","restrictions":false,"min":"0","max":"0","options":[{"label":"Biela","price":"","price_type":"flat_fee","image":0,"visibility":true},{"label":"\u010cierna","price":"","price_type":"flat_fee","image":0,"visibility":true},{"label":"Siv\u00e1","price":"","price_type":"flat_fee","image":0,"visibility":true},{"label":"\u010cerven\u00e1","price":"","price_type":"flat_fee","image":0,"visibility":true},{"label":"Modr\u00e1","price":"","price_type":"flat_fee","image":0,"visibility":true},{"label":"Zelen\u00e1","price":"","price_type":"flat_fee","image":0,"visibility":true},{"label":"\u017dlt\u00e1","price":"","price_type":"flat_fee","image":0,"visibility":true}]},{"name":"Ve\u013ekos\u0165","type":"multiple_choice","position":1,"required":true,"title_format":"label","default":"","description_enable":false,"description":"","placeholder_enable":false,"placeholder":"","display":"radiobutton","restrictions_type":"any_text","adjust_price":false,"price":"","price_type":"flat_fee","restrictions":false,"min":"0","max":"0","options":[{"label":"XS","price":"","price_type":"flat_fee","image":0,"visibility":true},{"label":"S","price":"","price_type":"flat_fee","image":0,"visibility":true},{"label":"M","price":"","price_type":"flat_fee","image":0,"visibility":true},{"label":"L","price":"","price_type":"flat_fee","image":0,"visibility":true},{"label":"XL","price":"","price_type":"flat_fee","image":0,"visibility":true},{"label":"XXL","price":"","price_type":"flat_fee","image":0,"visibility":true},{"label":"XXXL","price":"","price_type":"flat_fee","image":0,"visibility":true}]},{"name":"V\u00fd\u0161ivka","type":"multiple_choice","position":2,"required":true,"title_format":"label","default":"","description_enable":false,"description":"","placeholder_enable":false,"placeholder":"","display":"select","restrictions_type":"any_text","adjust_price":false,"price":"","price_type":"flat_fee","restrictions":false,"min":"0","max":"0","options":[{"label":"SR znak","price":"","price_type":"flat_fee","image":0,"visibility":true},{"label":"SR znak","price":"","price_type":"flat_fee","image":0,"visibility":true},{"label":"SR vlajka","price":"","price_type":"flat_fee","image":0,"visibility":true},{"label":"SR vlajka","price":"","price_type":"flat_fee","image":0,"visibility":true},{"label":"SR mapa","price":"","price_type":"flat_fee","image":0,"visibility":true},{"label":"SR kr\u00eddlo","price":"","price_type":"flat_fee","image":0,"visibility":true}]},{"name":"Rozmer na \u0161\u00edrku","type":"multiple_choice","position":3,"required":true,"title_format":"label","default":"","description_enable":false,"description":"","placeholder_enable":false,"placeholder":"","display":"select","restrictions_type":"any_text","adjust_price":false,"price":"","price_type":"flat_fee","restrictions":false,"min":"0","max":"0","options":[{"label":"4 cm","price":"","price_type":"flat_fee","image":0,"visibility":true},{"label":"5 cm","price":"","price_type":"flat_fee","image":0,"visibility":true},{"label":"6 cm","price":"","price_type":"flat_fee","image":0,"visibility":true},{"label":"7 cm","price":"","price_type":"flat_fee","image":0,"visibility":true},{"label":"8 cm","price":"","price_type":"flat_fee","image":0,"visibility":true}]},{"name":"Umiestnenie","type":"custom_text","position":4,"required":true,"title_format":"label","default":"","description_enable":false,"description":"napr. na hru\u010f - na stranu ako je srdce","placeholder_enable":false,"placeholder":"","display":"select","restrictions_type":"any_text","adjust_price":false,"price":"","price_type":"flat_fee","restrictions":false,"min":"0","max":"0","options":[]},{"name":"Ak si \u017eel\u00e1te nie\u010do upresni\u0165 nap\u00ed\u0161te to pros\u00edm tu:","type":"custom_text","position":5,"required":false,"title_format":"label","default":"","description_enable":false,"description":"","placeholder_enable":false,"placeholder":"","display":"select","restrictions_type":"any_text","adjust_price":false,"price":"","price_type":"flat_fee","restrictions":false,"min":"0","max":"0","options":[]},{"name":"Farba","type":"multiple_choice","position":0,"required":true,"title_format":"label","default":"","description_enable":false,"description":"","placeholder_enable":false,"placeholder":"","display":"radiobutton","restrictions_type":"any_text","adjust_price":false,"price":"","price_type":"flat_fee","restrictions":false,"min":"0","max":"0","options":[{"label":"Biela","price":"","price_type":"flat_fee","image":0,"visibility":true},{"label":"\u010cierna","price":"","price_type":"flat_fee","image":0,"visibility":true},{"label":"Siv\u00e1","price":"","price_type":"flat_fee","image":0,"visibility":true},{"label":"\u010cerven\u00e1","price":"","price_type":"flat_fee","image":0,"visibility":true},{"label":"Modr\u00e1","price":"","price_type":"flat_fee","image":0,"visibility":true},{"label":"Zelen\u00e1","price":"","price_type":"flat_fee","image":0,"visibility":true},{"label":"\u017dlt\u00e1","price":"","price_type":"flat_fee","image":0,"visibility":true}]},{"name":"Text","type":"custom_text","position":1,"required":true,"title_format":"label","default":"","description_enable":false,"description":"","placeholder_enable":false,"placeholder":"","display":"select","restrictions_type":"any_text","adjust_price":false,"price":"","price_type":"flat_fee","restrictions":false,"min":"0","max":"0","options":[]},{"name":"Ve\u013ekos\u0165","type":"multiple_choice","position":2,"required":true,"title_format":"label","default":"","description_enable":false,"description":"","placeholder_enable":false,"placeholder":"","display":"radiobutton","restrictions_type":"any_text","adjust_price":false,"price":"","price_type":"flat_fee","restrictions":false,"min":"0","max":"0","options":[{"label":"XS","price":"","price_type":"flat_fee","image":0,"visibility":true},{"label":"S","price":"","price_type":"flat_fee","image":0,"visibility":true},{"label":"M","price":"","price_type":"flat_fee","image":0,"visibility":true},{"label":"L","price":"","price_type":"flat_fee","image":0,"visibility":true},{"label":"XL","price":"","price_type":"flat_fee","image":0,"visibility":true},{"label":"XXL","price":"","price_type":"flat_fee","image":0,"visibility":true},{"label":"XXXL","price":"","price_type":"flat_fee","image":0,"visibility":true}]},{"name":"Typ p\u00edsma","type":"multiple_choice","position":3,"required":true,"title_format":"label","default":"","description_enable":false,"description":"","placeholder_enable":false,"placeholder":"","display":"select","restrictions_type":"any_text","adjust_price":false,"price":"","price_type":"flat_fee","restrictions":false,"min":"0","max":"0","options":[{"label":"Tla\u010den\u00e9 1","price":"","price_type":"flat_fee","image":0,"visibility":true},{"label":"Tla\u010den\u00e9 2","price":"","price_type":"flat_fee","image":0,"visibility":true},{"label":"P\u00edsan\u00e9 1","price":"","price_type":"flat_fee","image":0,"visibility":true},{"label":"P\u00edsan\u00e9 2","price":"","price_type":"flat_fee","image":0,"visibility":true}]},{"name":"Farba p\u00edsma","type":"multiple_choice","position":4,"required":true,"title_format":"label","default":"","description_enable":false,"description":"","placeholder_enable":false,"placeholder":"","display":"radiobutton","restrictions_type":"any_text","adjust_price":false,"price":"","price_type":"flat_fee","restrictions":false,"min":"0","max":"0","options":[{"label":"Biela","price":"","price_type":"flat_fee","image":0,"visibility":true},{"label":"\u010cierna","price":"","price_type":"flat_fee","image":0,"visibility":true},{"label":"Siv\u00e1 - tmav\u00e1","price":"","price_type":"flat_fee","image":0,"visibility":true},{"label":"Siv\u00e1 - svetl\u00e1","price":"","price_type":"flat_fee","image":0,"visibility":true},{"label":"\u010cerven\u00e1","price":"","price_type":"flat_fee","image":0,"visibility":true},{"label":"Modr\u00e1","price":"","price_type":"flat_fee","image":0,"visibility":true},{"label":"Zelen\u00e1","price":"","price_type":"flat_fee","image":0,"visibility":true},{"label":"\u017dlt\u00e1","price":"","price_type":"flat_fee","image":0,"visibility":true},{"label":"Zlat\u00e1","price":"","price_type":"flat_fee","image":0,"visibility":true}]},{"name":"Rozmer - na \u0161\u00edrku","type":"custom_text","position":5,"required":true,"title_format":"label","default":"","description_enable":false,"description":"","placeholder_enable":false,"placeholder":"","display":"select","restrictions_type":"only_numbers","adjust_price":false,"price":"","price_type":"flat_fee","restrictions":false,"min":"0","max":"0","options":[]},{"name":"Umiestnenie","type":"custom_text","position":6,"required":true,"title_format":"label","default":"","description_enable":false,"description":"napr. na hru\u010f - na stranu ako je srdce","placeholder_enable":false,"placeholder":"","display":"select","restrictions_type":"any_text","adjust_price":false,"price":"","price_type":"flat_fee","restrictions":false,"min":"0","max":"0","options":[]}],"taxonomy_info":{"product_cat":[{"value":96,"label":"N\u00e1\u0161ivky \/ Menovky"},{"value":91,"label":"In\u00e9"}]},"featured_image_src_large":["https:\/\/tommyneedle.sk\/wp-content\/uploads\/2022\/01\/sr-vlajka-vlajuca-bi-600x600.png",600,600,true],"author_info":[],"comment_info":0,"_links":{"self":[{"href":"https:\/\/tommyneedle.sk\/en\/wp-json\/wp\/v2\/product\/11164","targetHints":{"allow":["GET"]}}],"collection":[{"href":"https:\/\/tommyneedle.sk\/en\/wp-json\/wp\/v2\/product"}],"about":[{"href":"https:\/\/tommyneedle.sk\/en\/wp-json\/wp\/v2\/types\/product"}],"replies":[{"embeddable":true,"href":"https:\/\/tommyneedle.sk\/en\/wp-json\/wp\/v2\/comments?post=11164"}],"wp:featuredmedia":[{"embeddable":true,"href":"https:\/\/tommyneedle.sk\/en\/wp-json\/wp\/v2\/media\/11403"}],"wp:attachment":[{"href":"https:\/\/tommyneedle.sk\/en\/wp-json\/wp\/v2\/media?parent=11164"}],"wp:term":[{"taxonomy":"product_brand","embeddable":true,"href":"https:\/\/tommyneedle.sk\/en\/wp-json\/wp\/v2\/product_brand?post=11164"},{"taxonomy":"product_cat","embeddable":true,"href":"https:\/\/tommyneedle.sk\/en\/wp-json\/wp\/v2\/product_cat?post=11164"},{"taxonomy":"product_tag","embeddable":true,"href":"https:\/\/tommyneedle.sk\/en\/wp-json\/wp\/v2\/product_tag?post=11164"}],"curies":[{"name":"wp","href":"https:\/\/api.w.org\/{rel}","templated":true}]}}