{"id":11201,"date":"2022-01-28T07:25:51","date_gmt":"2022-01-28T07:25:51","guid":{"rendered":"https:\/\/www.tommyneedle.sk\/?post_type=product&#038;p=11201"},"modified":"2025-04-12T00:28:10","modified_gmt":"2025-04-12T00:28:10","slug":"meno-cislo","status":"publish","type":"product","link":"https:\/\/tommyneedle.sk\/en\/produkt\/meno-cislo\/","title":{"rendered":"N\u00e1\u0161ivka &#8211; Meno &#038; \u010c\u00edslo"},"content":{"rendered":"<p>N\u00e1\u0161ivky &#8211; Menovka &amp; \u010c\u00edslo<\/p>\n<p>M\u00f4\u017eete si zvoli\u0165: Rozmer n\u00e1\u0161ivky\/ Typ rohov (obl\u00e9, hranat\u00e9)\/ Typ n\u00e1\u0161ivky (oby\u010dajn\u00e1, na\u017eeh\u013eova\u010dka, so such\u00fdm zipsom) a taktie\u017e farebnos\u0165 n\u00e1\u0161ivky (meno, obruba n\u00e1\u0161ivky, farba l\u00e1tky).<\/p>\n<p>Policajn\u00e9 menovky maj\u00fa rozmer 120 x 30 mm a policajn\u00e9 \u010d\u00edsla s\u00fa v rozmere 80 x 30 mm.<\/p>\n<p>Ak si \u017eel\u00e1te zak\u00fapi\u0165 menovku a z\u00e1rove\u0148 aj \u010d\u00edslo, zadajte najsk\u00f4r v\u0161etky potrebn\u00e9 inform\u00e1cie pre menovku a stla\u010dte tla\u010didlo &#8220;Prida\u0165 do ko\u0161\u00edka&#8221;. N\u00e1sledne si objednajte rovnak\u00fdm sp\u00f4sobom \u010d\u00edslo.<\/p>\n<p><a href=\"https:\/\/www.tommyneedle.sk\/ako-nazehlit-nazhlovaciu-nasivku\/\">Ako na\u017eehli\u0165 na\u017eeh\u013eovaciu n\u00e1\u0161ivku<\/a><\/p>\n<p><strong>V pr\u00edpade ot\u00e1zok n\u00e1s kontaktujte<\/strong> <span style=\"text-decoration: underline;\"><strong><a href=\"https:\/\/www.tommyneedle.sk\/kontakt\/\" target=\"_blank\" rel=\"noopener noreferrer\">tu<\/a><\/strong><\/span>.<\/p>\n","protected":false},"excerpt":{"rendered":"<p>N\u00e1\u0161ivky &#8211; Menovka &amp; \u010c\u00edslo M\u00f4\u017eete si zvoli\u0165: Rozmer n\u00e1\u0161ivky\/ Typ rohov (obl\u00e9, hranat\u00e9)\/ Typ n\u00e1\u0161ivky (oby\u010dajn\u00e1, na\u017eeh\u013eova\u010dka, so such\u00fdm zipsom) a taktie\u017e farebnos\u0165 n\u00e1\u0161ivky (meno, obruba n\u00e1\u0161ivky, farba l\u00e1tky). Policajn\u00e9 menovky maj\u00fa rozmer 120 x 30 mm a policajn\u00e9 \u010d\u00edsla s\u00fa v rozmere 80 x 30 mm. Ak si \u017eel\u00e1te zak\u00fapi\u0165 menovku a z\u00e1rove\u0148&#8230;<\/p>\n","protected":false},"featured_media":11233,"comment_status":"open","ping_status":"closed","template":"","meta":{"_kad_blocks_custom_css":"","_kad_blocks_head_custom_js":"","_kad_blocks_body_custom_js":"","_kad_blocks_footer_custom_js":"","_kad_post_transparent":"default","_kad_post_title":"","_kad_post_layout":"default","_kad_post_sidebar_id":"","_kad_post_content_style":"default","_kad_post_vertical_padding":"default","_kad_post_feature":"","_kad_post_feature_position":"","_kad_post_header":false,"_kad_post_footer":false,"_kad_post_classname":""},"product_brand":[],"product_cat":[91,96],"product_tag":[],"class_list":{"0":"post-11201","1":"product","2":"type-product","3":"status-publish","4":"has-post-thumbnail","6":"product_cat-ine","7":"product_cat-nasivky-menovky-ine","9":"first","10":"instock","11":"taxable","12":"shipping-taxable","13":"purchasable","14":"product-type-simple","15":"entry","16":"content-bg","17":"loop-entry"},"exclude_global_add_ons":false,"addons":[{"name":"Meno alebo \u010d\u00edslo:","type":"custom_text","position":0,"required":true,"title_format":"label","default":"","description_enable":false,"description":"","placeholder_enable":false,"placeholder":"","display":"select","restrictions_type":"any_text","adjust_price":true,"price":"","price_type":"flat_fee","restrictions":true,"min":"0","max":"0","options":[],"id":1673878831},{"name":"Rozmer v mm (\u0161\u00edrka):","type":"custom_text","position":1,"required":true,"title_format":"label","default":"","description_enable":false,"description":"","placeholder_enable":false,"placeholder":"","display":"select","restrictions_type":"only_numbers","adjust_price":false,"price":"","price_type":"flat_fee","restrictions":false,"min":"0","max":"0","options":[],"id":1673878832},{"name":"Rozmer v mm (v\u00fd\u0161ka):","type":"custom_text","position":2,"required":true,"title_format":"label","default":"","description_enable":false,"description":"","placeholder_enable":false,"placeholder":"","display":"select","restrictions_type":"only_numbers","adjust_price":false,"price":"","price_type":"flat_fee","restrictions":false,"min":"0","max":"0","options":[],"id":1673878833},{"name":"Rohy:","type":"multiple_choice","position":3,"required":true,"title_format":"label","default":"","description_enable":false,"description":"","placeholder_enable":false,"placeholder":"","display":"radiobutton","restrictions_type":"any_text","adjust_price":false,"price":"","price_type":"flat_fee","restrictions":false,"min":"0","max":"0","options":[{"label":"hranat\u00e9","price":"","price_type":"flat_fee","image":0,"visibility":true},{"label":"obl\u00e9","price":"1.50","price_type":"quantity_based","image":0,"visibility":true}],"id":1673878834},{"name":"Typ n\u00e1\u0161ivky:","type":"multiple_choice","position":4,"required":true,"title_format":"label","default":"","description_enable":false,"description":"","placeholder_enable":false,"placeholder":"","display":"radiobutton","restrictions_type":"any_text","adjust_price":false,"price":"","price_type":"flat_fee","restrictions":false,"min":"0","max":"0","options":[{"label":"oby\u010dajn\u00e1","price":"","price_type":"flat_fee","image":0,"visibility":true},{"label":"na\u017eeh\u013eova\u010dka","price":"1.50","price_type":"quantity_based","image":0,"visibility":true},{"label":"so such. zipsom","price":"3.50","price_type":"quantity_based","image":0,"visibility":true}],"id":1673878835},{"name":"Farba textu:","type":"multiple_choice","position":5,"required":true,"title_format":"label","default":"","description_enable":false,"description":"","placeholder_enable":false,"placeholder":"","display":"select","restrictions_type":"any_text","adjust_price":false,"price":"","price_type":"flat_fee","restrictions":false,"min":"0","max":"0","options":[{"label":"Biela","price":"","price_type":"flat_fee","image":0,"visibility":true},{"label":"\u010cierna","price":"","price_type":"flat_fee","image":0,"visibility":true},{"label":"Siv\u00e1 - tmav\u00e1","price":"","price_type":"flat_fee","image":0,"visibility":true},{"label":"Siv\u00e1 - svetl\u00e1","price":"","price_type":"flat_fee","image":0,"visibility":true},{"label":"Modr\u00e1","price":"","price_type":"flat_fee","image":0,"visibility":true},{"label":"\u010cerven\u00e1","price":"","price_type":"flat_fee","image":0,"visibility":true},{"label":"Zelen\u00e1","price":"","price_type":"flat_fee","image":0,"visibility":true},{"label":"\u017dlt\u00e1","price":"","price_type":"flat_fee","image":0,"visibility":true},{"label":"\u017dlt\u00e1 - ne\u00f3n","price":"","price_type":"flat_fee","image":0,"visibility":true},{"label":"Oran\u017eov\u00e1 - ne\u00f3n","price":"","price_type":"flat_fee","image":0,"visibility":true},{"label":"Zlat\u00e1","price":"","price_type":"flat_fee","image":0,"visibility":true},{"label":"Zlat\u00e1 - metalick\u00e1","price":"1.20","price_type":"quantity_based","image":0,"visibility":true},{"label":"Strieborn\u00e1 - metalick\u00e1","price":"1.20","price_type":"quantity_based","image":0,"visibility":true},{"label":"Biela - svieti v tme","price":"1.20","price_type":"quantity_based","image":0,"visibility":true}],"id":1673878836},{"name":"Farba obruby","type":"multiple_choice","position":6,"required":true,"title_format":"label","default":"","description_enable":false,"description":"","placeholder_enable":false,"placeholder":"","display":"select","restrictions_type":"any_text","adjust_price":false,"price":"","price_type":"flat_fee","restrictions":false,"min":"0","max":"0","options":[{"label":"Biela","price":"","price_type":"flat_fee","image":0,"visibility":true},{"label":"\u010cierna","price":"","price_type":"flat_fee","image":0,"visibility":true},{"label":"Siv\u00e1 - tmav\u00e1","price":"","price_type":"flat_fee","image":0,"visibility":true},{"label":"Siv\u00e1 - svetl\u00e1","price":"","price_type":"flat_fee","image":0,"visibility":true},{"label":"Modr\u00e1","price":"","price_type":"flat_fee","image":0,"visibility":true},{"label":"\u010cerven\u00e1","price":"","price_type":"flat_fee","image":0,"visibility":true},{"label":"Zelen\u00e1","price":"","price_type":"flat_fee","image":0,"visibility":true},{"label":"\u017dlt\u00e1","price":"","price_type":"flat_fee","image":0,"visibility":true},{"label":"\u017dlt\u00e1 - ne\u00f3n","price":"","price_type":"flat_fee","image":0,"visibility":true},{"label":"Oran\u017eov\u00e1 - ne\u00f3n","price":"","price_type":"flat_fee","image":0,"visibility":true},{"label":"Zlat\u00e1","price":"","price_type":"flat_fee","image":0,"visibility":true},{"label":"Zlat\u00e1 - metalick\u00e1","price":"1.20","price_type":"quantity_based","image":0,"visibility":true},{"label":"Strieborn\u00e1 - metalick\u00e1","price":"1.20","price_type":"quantity_based","image":0,"visibility":true},{"label":"Biela - svieti v tme","price":"1.20","price_type":"quantity_based","image":0,"visibility":true}],"id":1673878837},{"name":"Farba l\u00e1tky:","type":"multiple_choice","position":7,"required":true,"title_format":"label","default":"","description_enable":false,"description":"","placeholder_enable":false,"placeholder":"","display":"select","restrictions_type":"any_text","adjust_price":false,"price":"","price_type":"flat_fee","restrictions":false,"min":"0","max":"0","options":[{"label":"Biela","price":"","price_type":"flat_fee","image":0,"visibility":true},{"label":"\u010cierna","price":"","price_type":"flat_fee","image":0,"visibility":true},{"label":"Siv\u00e1 - tmav\u00e1","price":"","price_type":"flat_fee","image":0,"visibility":true},{"label":"Siv\u00e1 - svetl\u00e1","price":"","price_type":"flat_fee","image":0,"visibility":true},{"label":"Modr\u00e1","price":"","price_type":"flat_fee","image":0,"visibility":true},{"label":"\u010cerven\u00e1","price":"","price_type":"flat_fee","image":0,"visibility":true},{"label":"Zelen\u00e1","price":"","price_type":"flat_fee","image":0,"visibility":true},{"label":"\u017dlt\u00e1","price":"","price_type":"flat_fee","image":0,"visibility":true}],"id":1673878838},{"name":"Farba","type":"multiple_choice","position":0,"required":true,"title_format":"label","default":"","description_enable":false,"description":"","placeholder_enable":false,"placeholder":"","display":"radiobutton","restrictions_type":"any_text","adjust_price":false,"price":"","price_type":"flat_fee","restrictions":false,"min":"0","max":"0","options":[{"label":"Biela","price":"","price_type":"flat_fee","image":0,"visibility":true},{"label":"\u010cierna","price":"","price_type":"flat_fee","image":0,"visibility":true},{"label":"Siv\u00e1","price":"","price_type":"flat_fee","image":0,"visibility":true},{"label":"\u010cerven\u00e1","price":"","price_type":"flat_fee","image":0,"visibility":true},{"label":"Modr\u00e1","price":"","price_type":"flat_fee","image":0,"visibility":true},{"label":"Zelen\u00e1","price":"","price_type":"flat_fee","image":0,"visibility":true},{"label":"\u017dlt\u00e1","price":"","price_type":"flat_fee","image":0,"visibility":true}]},{"name":"Ve\u013ekos\u0165","type":"multiple_choice","position":1,"required":true,"title_format":"label","default":"","description_enable":false,"description":"","placeholder_enable":false,"placeholder":"","display":"radiobutton","restrictions_type":"any_text","adjust_price":false,"price":"","price_type":"flat_fee","restrictions":false,"min":"0","max":"0","options":[{"label":"XS","price":"","price_type":"flat_fee","image":0,"visibility":true},{"label":"S","price":"","price_type":"flat_fee","image":0,"visibility":true},{"label":"M","price":"","price_type":"flat_fee","image":0,"visibility":true},{"label":"L","price":"","price_type":"flat_fee","image":0,"visibility":true},{"label":"XL","price":"","price_type":"flat_fee","image":0,"visibility":true},{"label":"XXL","price":"","price_type":"flat_fee","image":0,"visibility":true},{"label":"XXXL","price":"","price_type":"flat_fee","image":0,"visibility":true}]},{"name":"V\u00fd\u0161ivka","type":"multiple_choice","position":2,"required":true,"title_format":"label","default":"","description_enable":false,"description":"","placeholder_enable":false,"placeholder":"","display":"select","restrictions_type":"any_text","adjust_price":false,"price":"","price_type":"flat_fee","restrictions":false,"min":"0","max":"0","options":[{"label":"\u013dudov\u00fd vzor 1","price":"","price_type":"flat_fee","image":0,"visibility":true},{"label":"\u013dudov\u00fd vzor 2","price":"","price_type":"flat_fee","image":0,"visibility":true},{"label":"\u013dudov\u00fd vzor 3","price":"","price_type":"flat_fee","image":0,"visibility":true},{"label":"\u013dudov\u00fd vzor 4","price":"","price_type":"flat_fee","image":0,"visibility":true}]},{"name":"Ak si \u017eel\u00e1te nie\u010do upresni\u0165 nap\u00ed\u0161te to pros\u00edm tu:","type":"custom_text","position":3,"required":false,"title_format":"label","default":"","description_enable":false,"description":"","placeholder_enable":false,"placeholder":"","display":"select","restrictions_type":"any_text","adjust_price":false,"price":"","price_type":"flat_fee","restrictions":false,"min":"0","max":"0","options":[]},{"name":"Farba","type":"multiple_choice","position":0,"required":true,"title_format":"label","default":"","description_enable":false,"description":"","placeholder_enable":false,"placeholder":"","display":"radiobutton","restrictions_type":"any_text","adjust_price":false,"price":"","price_type":"flat_fee","restrictions":false,"min":"0","max":"0","options":[{"label":"Biela","price":"","price_type":"flat_fee","image":0,"visibility":true},{"label":"\u010cierna","price":"","price_type":"flat_fee","image":0,"visibility":true},{"label":"Siv\u00e1","price":"","price_type":"flat_fee","image":0,"visibility":true},{"label":"\u010cerven\u00e1","price":"","price_type":"flat_fee","image":0,"visibility":true},{"label":"Modr\u00e1","price":"","price_type":"flat_fee","image":0,"visibility":true},{"label":"Zelen\u00e1","price":"","price_type":"flat_fee","image":0,"visibility":true},{"label":"\u017dlt\u00e1","price":"","price_type":"flat_fee","image":0,"visibility":true}]},{"name":"Ve\u013ekos\u0165","type":"multiple_choice","position":1,"required":true,"title_format":"label","default":"","description_enable":false,"description":"","placeholder_enable":false,"placeholder":"","display":"radiobutton","restrictions_type":"any_text","adjust_price":false,"price":"","price_type":"flat_fee","restrictions":false,"min":"0","max":"0","options":[{"label":"XS","price":"","price_type":"flat_fee","image":0,"visibility":true},{"label":"S","price":"","price_type":"flat_fee","image":0,"visibility":true},{"label":"M","price":"","price_type":"flat_fee","image":0,"visibility":true},{"label":"L","price":"","price_type":"flat_fee","image":0,"visibility":true},{"label":"XL","price":"","price_type":"flat_fee","image":0,"visibility":true},{"label":"XXL","price":"","price_type":"flat_fee","image":0,"visibility":true},{"label":"XXXL","price":"","price_type":"flat_fee","image":0,"visibility":true}]},{"name":"V\u00fd\u0161ivka","type":"multiple_choice","position":2,"required":true,"title_format":"label","default":"","description_enable":false,"description":"","placeholder_enable":false,"placeholder":"","display":"select","restrictions_type":"any_text","adjust_price":false,"price":"","price_type":"flat_fee","restrictions":false,"min":"0","max":"0","options":[{"label":"SR znak","price":"","price_type":"flat_fee","image":0,"visibility":true},{"label":"SR znak","price":"","price_type":"flat_fee","image":0,"visibility":true},{"label":"SR vlajka","price":"","price_type":"flat_fee","image":0,"visibility":true},{"label":"SR vlajka","price":"","price_type":"flat_fee","image":0,"visibility":true},{"label":"SR mapa","price":"","price_type":"flat_fee","image":0,"visibility":true},{"label":"SR kr\u00eddlo","price":"","price_type":"flat_fee","image":0,"visibility":true}]},{"name":"Rozmer na \u0161\u00edrku","type":"multiple_choice","position":3,"required":true,"title_format":"label","default":"","description_enable":false,"description":"","placeholder_enable":false,"placeholder":"","display":"select","restrictions_type":"any_text","adjust_price":false,"price":"","price_type":"flat_fee","restrictions":false,"min":"0","max":"0","options":[{"label":"4 cm","price":"","price_type":"flat_fee","image":0,"visibility":true},{"label":"5 cm","price":"","price_type":"flat_fee","image":0,"visibility":true},{"label":"6 cm","price":"","price_type":"flat_fee","image":0,"visibility":true},{"label":"7 cm","price":"","price_type":"flat_fee","image":0,"visibility":true},{"label":"8 cm","price":"","price_type":"flat_fee","image":0,"visibility":true}]},{"name":"Umiestnenie","type":"custom_text","position":4,"required":true,"title_format":"label","default":"","description_enable":false,"description":"napr. na hru\u010f - na stranu ako je srdce","placeholder_enable":false,"placeholder":"","display":"select","restrictions_type":"any_text","adjust_price":false,"price":"","price_type":"flat_fee","restrictions":false,"min":"0","max":"0","options":[]},{"name":"Ak si \u017eel\u00e1te nie\u010do upresni\u0165 nap\u00ed\u0161te to pros\u00edm tu:","type":"custom_text","position":5,"required":false,"title_format":"label","default":"","description_enable":false,"description":"","placeholder_enable":false,"placeholder":"","display":"select","restrictions_type":"any_text","adjust_price":false,"price":"","price_type":"flat_fee","restrictions":false,"min":"0","max":"0","options":[]},{"name":"Farba","type":"multiple_choice","position":0,"required":true,"title_format":"label","default":"","description_enable":false,"description":"","placeholder_enable":false,"placeholder":"","display":"radiobutton","restrictions_type":"any_text","adjust_price":false,"price":"","price_type":"flat_fee","restrictions":false,"min":"0","max":"0","options":[{"label":"Biela","price":"","price_type":"flat_fee","image":0,"visibility":true},{"label":"\u010cierna","price":"","price_type":"flat_fee","image":0,"visibility":true},{"label":"Siv\u00e1","price":"","price_type":"flat_fee","image":0,"visibility":true},{"label":"\u010cerven\u00e1","price":"","price_type":"flat_fee","image":0,"visibility":true},{"label":"Modr\u00e1","price":"","price_type":"flat_fee","image":0,"visibility":true},{"label":"Zelen\u00e1","price":"","price_type":"flat_fee","image":0,"visibility":true},{"label":"\u017dlt\u00e1","price":"","price_type":"flat_fee","image":0,"visibility":true}]},{"name":"Text","type":"custom_text","position":1,"required":true,"title_format":"label","default":"","description_enable":false,"description":"","placeholder_enable":false,"placeholder":"","display":"select","restrictions_type":"any_text","adjust_price":false,"price":"","price_type":"flat_fee","restrictions":false,"min":"0","max":"0","options":[]},{"name":"Ve\u013ekos\u0165","type":"multiple_choice","position":2,"required":true,"title_format":"label","default":"","description_enable":false,"description":"","placeholder_enable":false,"placeholder":"","display":"radiobutton","restrictions_type":"any_text","adjust_price":false,"price":"","price_type":"flat_fee","restrictions":false,"min":"0","max":"0","options":[{"label":"XS","price":"","price_type":"flat_fee","image":0,"visibility":true},{"label":"S","price":"","price_type":"flat_fee","image":0,"visibility":true},{"label":"M","price":"","price_type":"flat_fee","image":0,"visibility":true},{"label":"L","price":"","price_type":"flat_fee","image":0,"visibility":true},{"label":"XL","price":"","price_type":"flat_fee","image":0,"visibility":true},{"label":"XXL","price":"","price_type":"flat_fee","image":0,"visibility":true},{"label":"XXXL","price":"","price_type":"flat_fee","image":0,"visibility":true}]},{"name":"Typ p\u00edsma","type":"multiple_choice","position":3,"required":true,"title_format":"label","default":"","description_enable":false,"description":"","placeholder_enable":false,"placeholder":"","display":"select","restrictions_type":"any_text","adjust_price":false,"price":"","price_type":"flat_fee","restrictions":false,"min":"0","max":"0","options":[{"label":"Tla\u010den\u00e9 1","price":"","price_type":"flat_fee","image":0,"visibility":true},{"label":"Tla\u010den\u00e9 2","price":"","price_type":"flat_fee","image":0,"visibility":true},{"label":"P\u00edsan\u00e9 1","price":"","price_type":"flat_fee","image":0,"visibility":true},{"label":"P\u00edsan\u00e9 2","price":"","price_type":"flat_fee","image":0,"visibility":true}]},{"name":"Farba p\u00edsma","type":"multiple_choice","position":4,"required":true,"title_format":"label","default":"","description_enable":false,"description":"","placeholder_enable":false,"placeholder":"","display":"radiobutton","restrictions_type":"any_text","adjust_price":false,"price":"","price_type":"flat_fee","restrictions":false,"min":"0","max":"0","options":[{"label":"Biela","price":"","price_type":"flat_fee","image":0,"visibility":true},{"label":"\u010cierna","price":"","price_type":"flat_fee","image":0,"visibility":true},{"label":"Siv\u00e1 - tmav\u00e1","price":"","price_type":"flat_fee","image":0,"visibility":true},{"label":"Siv\u00e1 - svetl\u00e1","price":"","price_type":"flat_fee","image":0,"visibility":true},{"label":"\u010cerven\u00e1","price":"","price_type":"flat_fee","image":0,"visibility":true},{"label":"Modr\u00e1","price":"","price_type":"flat_fee","image":0,"visibility":true},{"label":"Zelen\u00e1","price":"","price_type":"flat_fee","image":0,"visibility":true},{"label":"\u017dlt\u00e1","price":"","price_type":"flat_fee","image":0,"visibility":true},{"label":"Zlat\u00e1","price":"","price_type":"flat_fee","image":0,"visibility":true}]},{"name":"Rozmer - na \u0161\u00edrku","type":"custom_text","position":5,"required":true,"title_format":"label","default":"","description_enable":false,"description":"","placeholder_enable":false,"placeholder":"","display":"select","restrictions_type":"only_numbers","adjust_price":false,"price":"","price_type":"flat_fee","restrictions":false,"min":"0","max":"0","options":[]},{"name":"Umiestnenie","type":"custom_text","position":6,"required":true,"title_format":"label","default":"","description_enable":false,"description":"napr. na hru\u010f - na stranu ako je srdce","placeholder_enable":false,"placeholder":"","display":"select","restrictions_type":"any_text","adjust_price":false,"price":"","price_type":"flat_fee","restrictions":false,"min":"0","max":"0","options":[]}],"taxonomy_info":{"product_cat":[{"value":91,"label":"In\u00e9"},{"value":96,"label":"N\u00e1\u0161ivky \/ Menovky"}]},"featured_image_src_large":["https:\/\/tommyneedle.sk\/wp-content\/uploads\/2022\/01\/menovka1-1-600x600.png",600,600,true],"author_info":[],"comment_info":0,"_links":{"self":[{"href":"https:\/\/tommyneedle.sk\/en\/wp-json\/wp\/v2\/product\/11201","targetHints":{"allow":["GET"]}}],"collection":[{"href":"https:\/\/tommyneedle.sk\/en\/wp-json\/wp\/v2\/product"}],"about":[{"href":"https:\/\/tommyneedle.sk\/en\/wp-json\/wp\/v2\/types\/product"}],"replies":[{"embeddable":true,"href":"https:\/\/tommyneedle.sk\/en\/wp-json\/wp\/v2\/comments?post=11201"}],"wp:featuredmedia":[{"embeddable":true,"href":"https:\/\/tommyneedle.sk\/en\/wp-json\/wp\/v2\/media\/11233"}],"wp:attachment":[{"href":"https:\/\/tommyneedle.sk\/en\/wp-json\/wp\/v2\/media?parent=11201"}],"wp:term":[{"taxonomy":"product_brand","embeddable":true,"href":"https:\/\/tommyneedle.sk\/en\/wp-json\/wp\/v2\/product_brand?post=11201"},{"taxonomy":"product_cat","embeddable":true,"href":"https:\/\/tommyneedle.sk\/en\/wp-json\/wp\/v2\/product_cat?post=11201"},{"taxonomy":"product_tag","embeddable":true,"href":"https:\/\/tommyneedle.sk\/en\/wp-json\/wp\/v2\/product_tag?post=11201"}],"curies":[{"name":"wp","href":"https:\/\/api.w.org\/{rel}","templated":true}]}}