{"id":11714,"date":"2022-02-28T13:04:47","date_gmt":"2022-02-28T13:04:47","guid":{"rendered":"https:\/\/www.tommyneedle.sk\/?post_type=product&#038;p=11714"},"modified":"2026-04-17T10:57:52","modified_gmt":"2026-04-17T10:57:52","slug":"sviecka-na-krst-150-g-s-ozdobou-3","status":"publish","type":"product","link":"https:\/\/tommyneedle.sk\/en\/produkt\/sviecka-na-krst-150-g-s-ozdobou-3\/","title":{"rendered":"Svie\u010dka na krst 150 g &#8211; S ozdobou 3"},"content":{"rendered":"<p>Svie\u010dka na krst zhotoven\u00e1 z bieleho vosku s ozdobou. Ozdoba na svie\u010dke je v 3 farebn\u00fdch prevedeniach.<strong><br \/>\n<\/strong><\/p>\n<p>Priemer: \u2205 23 mm<br \/>\nHmotnos\u0165: 150 g<br \/>\nD\u013a\u017eka: 36 cm<\/p>\n","protected":false},"excerpt":{"rendered":"<p>Svie\u010dka na krst zhotoven\u00e1 z bieleho vosku s ozdobou. Ozdoba na svie\u010dke je v 3 farebn\u00fdch prevedeniach. Priemer: \u2205 23 mm Hmotnos\u0165: 150 g D\u013a\u017eka: 36 cm<\/p>\n","protected":false},"featured_media":11693,"comment_status":"open","ping_status":"closed","template":"","meta":{"_kad_blocks_custom_css":"","_kad_blocks_head_custom_js":"","_kad_blocks_body_custom_js":"","_kad_blocks_footer_custom_js":"","_kad_post_transparent":"default","_kad_post_title":"","_kad_post_layout":"default","_kad_post_sidebar_id":"","_kad_post_content_style":"default","_kad_post_vertical_padding":"default","_kad_post_feature":"","_kad_post_feature_position":"","_kad_post_header":false,"_kad_post_footer":false,"_kad_post_classname":""},"product_brand":[],"product_cat":[18],"product_tag":[],"class_list":{"0":"post-11714","1":"product","2":"type-product","3":"status-publish","4":"has-post-thumbnail","6":"product_cat-sviecky-na-krst","7":"product_shipping_class-krehka-zasielka","9":"first","10":"instock","11":"sale","12":"taxable","13":"shipping-taxable","14":"purchasable","15":"product-type-variable","16":"entry","17":"content-bg","18":"loop-entry"},"exclude_global_add_ons":[],"addons":[],"taxonomy_info":{"product_cat":[{"value":18,"label":"Svie\u010dky na krst"}]},"featured_image_src_large":["https:\/\/tommyneedle.sk\/wp-content\/uploads\/2022\/02\/cipka1-590x600.jpg",590,600,true],"author_info":[],"comment_info":0,"_links":{"self":[{"href":"https:\/\/tommyneedle.sk\/en\/wp-json\/wp\/v2\/product\/11714","targetHints":{"allow":["GET"]}}],"collection":[{"href":"https:\/\/tommyneedle.sk\/en\/wp-json\/wp\/v2\/product"}],"about":[{"href":"https:\/\/tommyneedle.sk\/en\/wp-json\/wp\/v2\/types\/product"}],"replies":[{"embeddable":true,"href":"https:\/\/tommyneedle.sk\/en\/wp-json\/wp\/v2\/comments?post=11714"}],"wp:featuredmedia":[{"embeddable":true,"href":"https:\/\/tommyneedle.sk\/en\/wp-json\/wp\/v2\/media\/11693"}],"wp:attachment":[{"href":"https:\/\/tommyneedle.sk\/en\/wp-json\/wp\/v2\/media?parent=11714"}],"wp:term":[{"taxonomy":"product_brand","embeddable":true,"href":"https:\/\/tommyneedle.sk\/en\/wp-json\/wp\/v2\/product_brand?post=11714"},{"taxonomy":"product_cat","embeddable":true,"href":"https:\/\/tommyneedle.sk\/en\/wp-json\/wp\/v2\/product_cat?post=11714"},{"taxonomy":"product_tag","embeddable":true,"href":"https:\/\/tommyneedle.sk\/en\/wp-json\/wp\/v2\/product_tag?post=11714"}],"curies":[{"name":"wp","href":"https:\/\/api.w.org\/{rel}","templated":true}]}}