{"id":15344,"date":"2024-08-28T14:05:13","date_gmt":"2024-08-28T14:05:13","guid":{"rendered":"https:\/\/www.tommyneedle.sk\/?post_type=product&#038;p=15344"},"modified":"2024-08-30T12:32:39","modified_gmt":"2024-08-30T12:32:39","slug":"podbradnik","status":"publish","type":"product","link":"https:\/\/tommyneedle.sk\/en\/produkt\/podbradnik\/","title":{"rendered":"Podbradn\u00edk"},"content":{"rendered":"<p>Jednofarebn\u00fd podbradn\u00edk z organickej bavlny.<\/p>\n<p>Ve\u013ekos\u0165: Univerz\u00e1lna<\/p>\n<p>Zlo\u017eenie: 100 % Bavlna<\/p>\n<p>Vyroben\u00e9 na Slovensku.<\/p>\n<p>Mo\u017enos\u0165 vy\u0161itia mena, alebo kr\u00e1tkeho textu.<\/p>\n<p>Ak si \u017eel\u00e1te vy\u0161i\u0165 va\u0161e logo alebo obr\u00e1zok, kontaktujte n\u00e1s cez <strong><a href=\"https:\/\/www.tommyneedle.sk\/sluzby\/#cenovaponuka\" target=\"_blank\" rel=\"noopener\">formul\u00e1r<\/a><\/strong>.<\/p>\n<p>V pr\u00edpade ot\u00e1zok n\u00e1s kontaktujte <span style=\"text-decoration: underline;\"><strong><a href=\"https:\/\/www.tommyneedle.sk\/kontakt\/\" target=\"_blank\" rel=\"noopener noreferrer\">tu<\/a><\/strong><\/span>.<\/p>\n","protected":false},"excerpt":{"rendered":"<p>Jednofarebn\u00fd podbradn\u00edk z organickej bavlny. Ve\u013ekos\u0165: Univerz\u00e1lna Zlo\u017eenie: 100 % Bavlna Vyroben\u00e9 na Slovensku. Mo\u017enos\u0165 vy\u0161itia mena, alebo kr\u00e1tkeho textu. Ak si \u017eel\u00e1te vy\u0161i\u0165 va\u0161e logo alebo obr\u00e1zok, kontaktujte n\u00e1s cez formul\u00e1r. V pr\u00edpade ot\u00e1zok n\u00e1s kontaktujte tu.<\/p>\n","protected":false},"featured_media":11823,"comment_status":"open","ping_status":"closed","template":"","meta":{"_kad_blocks_custom_css":"","_kad_blocks_head_custom_js":"","_kad_blocks_body_custom_js":"","_kad_blocks_footer_custom_js":"","_kad_post_transparent":"default","_kad_post_title":"","_kad_post_layout":"default","_kad_post_sidebar_id":"","_kad_post_content_style":"default","_kad_post_vertical_padding":"default","_kad_post_feature":"","_kad_post_feature_position":"","_kad_post_header":false,"_kad_post_footer":false,"_kad_post_classname":""},"product_brand":[],"product_cat":[256],"product_tag":[],"class_list":{"0":"post-15344","1":"product","2":"type-product","3":"status-publish","4":"has-post-thumbnail","6":"product_cat-detske-oblecenie","7":"product_shipping_class-doporuceny-list","9":"first","10":"onbackorder","11":"taxable","12":"shipping-taxable","13":"purchasable","14":"product-type-variable","15":"entry","16":"content-bg","17":"loop-entry"},"exclude_global_add_ons":false,"addons":[{"name":"Vy\u0161i\u0165 meno \/ text","type":"custom_text","position":0,"required":false,"title_format":"label","default":"","description_enable":false,"description":"","placeholder_enable":false,"placeholder":"","display":"select","restrictions_type":"any_text","adjust_price":true,"price":"8","price_type":"quantity_based","restrictions":true,"min":"0","max":"30","options":[],"id":1725021160},{"name":"Farba textu:","type":"multiple_choice","position":1,"required":false,"title_format":"label","default":"","description_enable":false,"description":"","placeholder_enable":false,"placeholder":"","display":"select","restrictions_type":"any_text","adjust_price":false,"price":"","price_type":"flat_fee","restrictions":false,"min":"0","max":"0","options":[{"label":"Modr\u00e1","price":"","price_type":"flat_fee","image":0,"visibility":true},{"label":"Ru\u017eov\u00e1","price":"","price_type":"flat_fee","image":0,"visibility":true},{"label":"Biela","price":"","price_type":"flat_fee","image":0,"visibility":true},{"label":"\u010cierna","price":"","price_type":"flat_fee","image":0,"visibility":true},{"label":"\u010cerven\u00e1","price":"","price_type":"flat_fee","image":0,"visibility":true},{"label":"Zelen\u00e1","price":"","price_type":"flat_fee","image":0,"visibility":true},{"label":"\u017dlt\u00e1","price":"","price_type":"flat_fee","image":0,"visibility":true},{"label":"Oran\u017eov\u00e1","price":"","price_type":"flat_fee","image":0,"visibility":true},{"label":"Siv\u00e1","price":"","price_type":"flat_fee","image":0,"visibility":true}],"id":1725021161},{"name":"Ak si \u017eel\u00e1te nie\u010do upresni\u0165, nap\u00ed\u0161te to pros\u00edm tu:","type":"custom_text","position":2,"required":false,"title_format":"label","default":"","description_enable":false,"description":"","placeholder_enable":false,"placeholder":"","display":"select","restrictions_type":"any_text","adjust_price":false,"price":"","price_type":"flat_fee","restrictions":false,"min":"0","max":"0","options":[],"id":1725021162},{"name":"Farba","type":"multiple_choice","position":0,"required":true,"title_format":"label","default":"","description_enable":false,"description":"","placeholder_enable":false,"placeholder":"","display":"radiobutton","restrictions_type":"any_text","adjust_price":false,"price":"","price_type":"flat_fee","restrictions":false,"min":"0","max":"0","options":[{"label":"Biela","price":"","price_type":"flat_fee","image":0,"visibility":true},{"label":"\u010cierna","price":"","price_type":"flat_fee","image":0,"visibility":true},{"label":"Siv\u00e1","price":"","price_type":"flat_fee","image":0,"visibility":true},{"label":"\u010cerven\u00e1","price":"","price_type":"flat_fee","image":0,"visibility":true},{"label":"Modr\u00e1","price":"","price_type":"flat_fee","image":0,"visibility":true},{"label":"Zelen\u00e1","price":"","price_type":"flat_fee","image":0,"visibility":true},{"label":"\u017dlt\u00e1","price":"","price_type":"flat_fee","image":0,"visibility":true}]},{"name":"Ve\u013ekos\u0165","type":"multiple_choice","position":1,"required":true,"title_format":"label","default":"","description_enable":false,"description":"","placeholder_enable":false,"placeholder":"","display":"radiobutton","restrictions_type":"any_text","adjust_price":false,"price":"","price_type":"flat_fee","restrictions":false,"min":"0","max":"0","options":[{"label":"XS","price":"","price_type":"flat_fee","image":0,"visibility":true},{"label":"S","price":"","price_type":"flat_fee","image":0,"visibility":true},{"label":"M","price":"","price_type":"flat_fee","image":0,"visibility":true},{"label":"L","price":"","price_type":"flat_fee","image":0,"visibility":true},{"label":"XL","price":"","price_type":"flat_fee","image":0,"visibility":true},{"label":"XXL","price":"","price_type":"flat_fee","image":0,"visibility":true},{"label":"XXXL","price":"","price_type":"flat_fee","image":0,"visibility":true}]},{"name":"V\u00fd\u0161ivka","type":"multiple_choice","position":2,"required":true,"title_format":"label","default":"","description_enable":false,"description":"","placeholder_enable":false,"placeholder":"","display":"select","restrictions_type":"any_text","adjust_price":false,"price":"","price_type":"flat_fee","restrictions":false,"min":"0","max":"0","options":[{"label":"\u013dudov\u00fd vzor 1","price":"","price_type":"flat_fee","image":0,"visibility":true},{"label":"\u013dudov\u00fd vzor 2","price":"","price_type":"flat_fee","image":0,"visibility":true},{"label":"\u013dudov\u00fd vzor 3","price":"","price_type":"flat_fee","image":0,"visibility":true},{"label":"\u013dudov\u00fd vzor 4","price":"","price_type":"flat_fee","image":0,"visibility":true}]},{"name":"Ak si \u017eel\u00e1te nie\u010do upresni\u0165 nap\u00ed\u0161te to pros\u00edm tu:","type":"custom_text","position":3,"required":false,"title_format":"label","default":"","description_enable":false,"description":"","placeholder_enable":false,"placeholder":"","display":"select","restrictions_type":"any_text","adjust_price":false,"price":"","price_type":"flat_fee","restrictions":false,"min":"0","max":"0","options":[]},{"name":"Farba","type":"multiple_choice","position":0,"required":true,"title_format":"label","default":"","description_enable":false,"description":"","placeholder_enable":false,"placeholder":"","display":"radiobutton","restrictions_type":"any_text","adjust_price":false,"price":"","price_type":"flat_fee","restrictions":false,"min":"0","max":"0","options":[{"label":"Biela","price":"","price_type":"flat_fee","image":0,"visibility":true},{"label":"\u010cierna","price":"","price_type":"flat_fee","image":0,"visibility":true},{"label":"Siv\u00e1","price":"","price_type":"flat_fee","image":0,"visibility":true},{"label":"\u010cerven\u00e1","price":"","price_type":"flat_fee","image":0,"visibility":true},{"label":"Modr\u00e1","price":"","price_type":"flat_fee","image":0,"visibility":true},{"label":"Zelen\u00e1","price":"","price_type":"flat_fee","image":0,"visibility":true},{"label":"\u017dlt\u00e1","price":"","price_type":"flat_fee","image":0,"visibility":true}]},{"name":"Ve\u013ekos\u0165","type":"multiple_choice","position":1,"required":true,"title_format":"label","default":"","description_enable":false,"description":"","placeholder_enable":false,"placeholder":"","display":"radiobutton","restrictions_type":"any_text","adjust_price":false,"price":"","price_type":"flat_fee","restrictions":false,"min":"0","max":"0","options":[{"label":"XS","price":"","price_type":"flat_fee","image":0,"visibility":true},{"label":"S","price":"","price_type":"flat_fee","image":0,"visibility":true},{"label":"M","price":"","price_type":"flat_fee","image":0,"visibility":true},{"label":"L","price":"","price_type":"flat_fee","image":0,"visibility":true},{"label":"XL","price":"","price_type":"flat_fee","image":0,"visibility":true},{"label":"XXL","price":"","price_type":"flat_fee","image":0,"visibility":true},{"label":"XXXL","price":"","price_type":"flat_fee","image":0,"visibility":true}]},{"name":"V\u00fd\u0161ivka","type":"multiple_choice","position":2,"required":true,"title_format":"label","default":"","description_enable":false,"description":"","placeholder_enable":false,"placeholder":"","display":"select","restrictions_type":"any_text","adjust_price":false,"price":"","price_type":"flat_fee","restrictions":false,"min":"0","max":"0","options":[{"label":"SR znak","price":"","price_type":"flat_fee","image":0,"visibility":true},{"label":"SR znak","price":"","price_type":"flat_fee","image":0,"visibility":true},{"label":"SR vlajka","price":"","price_type":"flat_fee","image":0,"visibility":true},{"label":"SR vlajka","price":"","price_type":"flat_fee","image":0,"visibility":true},{"label":"SR mapa","price":"","price_type":"flat_fee","image":0,"visibility":true},{"label":"SR kr\u00eddlo","price":"","price_type":"flat_fee","image":0,"visibility":true}]},{"name":"Rozmer na \u0161\u00edrku","type":"multiple_choice","position":3,"required":true,"title_format":"label","default":"","description_enable":false,"description":"","placeholder_enable":false,"placeholder":"","display":"select","restrictions_type":"any_text","adjust_price":false,"price":"","price_type":"flat_fee","restrictions":false,"min":"0","max":"0","options":[{"label":"4 cm","price":"","price_type":"flat_fee","image":0,"visibility":true},{"label":"5 cm","price":"","price_type":"flat_fee","image":0,"visibility":true},{"label":"6 cm","price":"","price_type":"flat_fee","image":0,"visibility":true},{"label":"7 cm","price":"","price_type":"flat_fee","image":0,"visibility":true},{"label":"8 cm","price":"","price_type":"flat_fee","image":0,"visibility":true}]},{"name":"Umiestnenie","type":"custom_text","position":4,"required":true,"title_format":"label","default":"","description_enable":false,"description":"napr. na hru\u010f - na stranu ako je srdce","placeholder_enable":false,"placeholder":"","display":"select","restrictions_type":"any_text","adjust_price":false,"price":"","price_type":"flat_fee","restrictions":false,"min":"0","max":"0","options":[]},{"name":"Ak si \u017eel\u00e1te nie\u010do upresni\u0165 nap\u00ed\u0161te to pros\u00edm tu:","type":"custom_text","position":5,"required":false,"title_format":"label","default":"","description_enable":false,"description":"","placeholder_enable":false,"placeholder":"","display":"select","restrictions_type":"any_text","adjust_price":false,"price":"","price_type":"flat_fee","restrictions":false,"min":"0","max":"0","options":[]},{"name":"Farba","type":"multiple_choice","position":0,"required":true,"title_format":"label","default":"","description_enable":false,"description":"","placeholder_enable":false,"placeholder":"","display":"radiobutton","restrictions_type":"any_text","adjust_price":false,"price":"","price_type":"flat_fee","restrictions":false,"min":"0","max":"0","options":[{"label":"Biela","price":"","price_type":"flat_fee","image":0,"visibility":true},{"label":"\u010cierna","price":"","price_type":"flat_fee","image":0,"visibility":true},{"label":"Siv\u00e1","price":"","price_type":"flat_fee","image":0,"visibility":true},{"label":"\u010cerven\u00e1","price":"","price_type":"flat_fee","image":0,"visibility":true},{"label":"Modr\u00e1","price":"","price_type":"flat_fee","image":0,"visibility":true},{"label":"Zelen\u00e1","price":"","price_type":"flat_fee","image":0,"visibility":true},{"label":"\u017dlt\u00e1","price":"","price_type":"flat_fee","image":0,"visibility":true}]},{"name":"Text","type":"custom_text","position":1,"required":true,"title_format":"label","default":"","description_enable":false,"description":"","placeholder_enable":false,"placeholder":"","display":"select","restrictions_type":"any_text","adjust_price":false,"price":"","price_type":"flat_fee","restrictions":false,"min":"0","max":"0","options":[]},{"name":"Ve\u013ekos\u0165","type":"multiple_choice","position":2,"required":true,"title_format":"label","default":"","description_enable":false,"description":"","placeholder_enable":false,"placeholder":"","display":"radiobutton","restrictions_type":"any_text","adjust_price":false,"price":"","price_type":"flat_fee","restrictions":false,"min":"0","max":"0","options":[{"label":"XS","price":"","price_type":"flat_fee","image":0,"visibility":true},{"label":"S","price":"","price_type":"flat_fee","image":0,"visibility":true},{"label":"M","price":"","price_type":"flat_fee","image":0,"visibility":true},{"label":"L","price":"","price_type":"flat_fee","image":0,"visibility":true},{"label":"XL","price":"","price_type":"flat_fee","image":0,"visibility":true},{"label":"XXL","price":"","price_type":"flat_fee","image":0,"visibility":true},{"label":"XXXL","price":"","price_type":"flat_fee","image":0,"visibility":true}]},{"name":"Typ p\u00edsma","type":"multiple_choice","position":3,"required":true,"title_format":"label","default":"","description_enable":false,"description":"","placeholder_enable":false,"placeholder":"","display":"select","restrictions_type":"any_text","adjust_price":false,"price":"","price_type":"flat_fee","restrictions":false,"min":"0","max":"0","options":[{"label":"Tla\u010den\u00e9 1","price":"","price_type":"flat_fee","image":0,"visibility":true},{"label":"Tla\u010den\u00e9 2","price":"","price_type":"flat_fee","image":0,"visibility":true},{"label":"P\u00edsan\u00e9 1","price":"","price_type":"flat_fee","image":0,"visibility":true},{"label":"P\u00edsan\u00e9 2","price":"","price_type":"flat_fee","image":0,"visibility":true}]},{"name":"Farba p\u00edsma","type":"multiple_choice","position":4,"required":true,"title_format":"label","default":"","description_enable":false,"description":"","placeholder_enable":false,"placeholder":"","display":"radiobutton","restrictions_type":"any_text","adjust_price":false,"price":"","price_type":"flat_fee","restrictions":false,"min":"0","max":"0","options":[{"label":"Biela","price":"","price_type":"flat_fee","image":0,"visibility":true},{"label":"\u010cierna","price":"","price_type":"flat_fee","image":0,"visibility":true},{"label":"Siv\u00e1 - tmav\u00e1","price":"","price_type":"flat_fee","image":0,"visibility":true},{"label":"Siv\u00e1 - svetl\u00e1","price":"","price_type":"flat_fee","image":0,"visibility":true},{"label":"\u010cerven\u00e1","price":"","price_type":"flat_fee","image":0,"visibility":true},{"label":"Modr\u00e1","price":"","price_type":"flat_fee","image":0,"visibility":true},{"label":"Zelen\u00e1","price":"","price_type":"flat_fee","image":0,"visibility":true},{"label":"\u017dlt\u00e1","price":"","price_type":"flat_fee","image":0,"visibility":true},{"label":"Zlat\u00e1","price":"","price_type":"flat_fee","image":0,"visibility":true}]},{"name":"Rozmer - na \u0161\u00edrku","type":"custom_text","position":5,"required":true,"title_format":"label","default":"","description_enable":false,"description":"","placeholder_enable":false,"placeholder":"","display":"select","restrictions_type":"only_numbers","adjust_price":false,"price":"","price_type":"flat_fee","restrictions":false,"min":"0","max":"0","options":[]},{"name":"Umiestnenie","type":"custom_text","position":6,"required":true,"title_format":"label","default":"","description_enable":false,"description":"napr. na hru\u010f - na stranu ako je srdce","placeholder_enable":false,"placeholder":"","display":"select","restrictions_type":"any_text","adjust_price":false,"price":"","price_type":"flat_fee","restrictions":false,"min":"0","max":"0","options":[]}],"taxonomy_info":{"product_cat":[{"value":256,"label":"Detsk\u00e9 oble\u010denie"}]},"featured_image_src_large":["https:\/\/tommyneedle.sk\/wp-content\/uploads\/2022\/03\/podbradnik-2-b-600x600.jpg",600,600,true],"author_info":[],"comment_info":0,"_links":{"self":[{"href":"https:\/\/tommyneedle.sk\/en\/wp-json\/wp\/v2\/product\/15344","targetHints":{"allow":["GET"]}}],"collection":[{"href":"https:\/\/tommyneedle.sk\/en\/wp-json\/wp\/v2\/product"}],"about":[{"href":"https:\/\/tommyneedle.sk\/en\/wp-json\/wp\/v2\/types\/product"}],"replies":[{"embeddable":true,"href":"https:\/\/tommyneedle.sk\/en\/wp-json\/wp\/v2\/comments?post=15344"}],"wp:featuredmedia":[{"embeddable":true,"href":"https:\/\/tommyneedle.sk\/en\/wp-json\/wp\/v2\/media\/11823"}],"wp:attachment":[{"href":"https:\/\/tommyneedle.sk\/en\/wp-json\/wp\/v2\/media?parent=15344"}],"wp:term":[{"taxonomy":"product_brand","embeddable":true,"href":"https:\/\/tommyneedle.sk\/en\/wp-json\/wp\/v2\/product_brand?post=15344"},{"taxonomy":"product_cat","embeddable":true,"href":"https:\/\/tommyneedle.sk\/en\/wp-json\/wp\/v2\/product_cat?post=15344"},{"taxonomy":"product_tag","embeddable":true,"href":"https:\/\/tommyneedle.sk\/en\/wp-json\/wp\/v2\/product_tag?post=15344"}],"curies":[{"name":"wp","href":"https:\/\/api.w.org\/{rel}","templated":true}]}}