{"id":4535,"date":"2019-12-03T23:28:15","date_gmt":"2019-12-03T23:28:15","guid":{"rendered":"https:\/\/www.tommyneedle.sk\/?post_type=product&#038;p=4535"},"modified":"2024-07-10T11:19:38","modified_gmt":"2024-07-10T11:19:38","slug":"kosielka-na-krst-anjelik-1-2","status":"publish","type":"product","link":"https:\/\/tommyneedle.sk\/en\/produkt\/kosielka-na-krst-anjelik-1-2\/","title":{"rendered":"Bavlnen\u00e1 ko\u0161ie\u013eka na krst &#8211; Anjelik 1 biela"},"content":{"rendered":"<p style=\"text-align: justify;\">Ve\u013ekos\u0165: 56<\/p>\n<p style=\"text-align: justify;\">Zlo\u017eenie: 100 % bavlna<\/p>\n<p>Vyroben\u00e9 na Slovensku.<\/p>\n<p><strong><a href=\"https:\/\/www.tommyneedle.sk\/krst-vsetko-co-potrebujete-vediet\/\" target=\"_blank\" rel=\"noopener\">Krst &#8211; V\u0161etko \u010co Potrebujete Vedie\u0165<\/a><\/strong><\/p>\n<p style=\"text-align: justify;\">Bavlnen\u00e1 ko\u0161ie\u013eka na krst <strong>bez goliera alebo s golierom <\/strong>(vzor na golieri sa m\u00f4\u017ee l\u00ed\u0161i\u0165)<strong> vo farbe ak\u00fa si zvol\u00edte<\/strong> a <strong>v\u00fd\u0161ivkou bieleho anjelika.<\/strong>\u00a0Pod dekora\u010dn\u00fa v\u00fd\u0161ivku sa vy\u0161\u00edva <strong>meno die\u0165atka<\/strong>, <strong>d\u00e1tum narodenia<\/strong>, <strong>d\u00e1tum krstu<\/strong> a vami zvolen\u00fd <strong>text<\/strong>. Naj\u010dastej\u0161ie sa vol\u00ed text &#8220;<strong>Som Bo\u017eie die\u0165a<\/strong>&#8220;. Tieto inform\u00e1cie pros\u00edm vypl\u0148te do kol\u00f3niek vy\u0161\u0161ie a kliknite na tla\u010didlo &#8220;<strong>Prida\u0165 do ko\u0161\u00edka<\/strong>&#8220;. <span style=\"color: #ff0000;\"><span style=\"color: #000000;\">Ve\u013ekos\u0165 ko\u0161ie\u013eky nie je podstatn\u00e1, nako\u013eko sa k die\u0165a\u0165u len symbolicky priklad\u00e1<\/span> <strong>(neoblieka sa)<\/strong>.<\/span><\/p>\n<p style=\"text-align: justify;\"><strong>V pr\u00edpade ot\u00e1zok n\u00e1s kontaktujte<\/strong> <span style=\"text-decoration: underline;\"><strong><a href=\"https:\/\/www.tommyneedle.sk\/kontakt\/\" target=\"_blank\" rel=\"noopener noreferrer\">tu<\/a><\/strong><\/span>.<\/p>\n","protected":false},"excerpt":{"rendered":"<p>Ve\u013ekos\u0165: 56 Zlo\u017eenie: 100 % bavlna Vyroben\u00e9 na Slovensku. Krst &#8211; V\u0161etko \u010co Potrebujete Vedie\u0165 Bavlnen\u00e1 ko\u0161ie\u013eka na krst bez goliera alebo s golierom (vzor na golieri sa m\u00f4\u017ee l\u00ed\u0161i\u0165) vo farbe ak\u00fa si zvol\u00edte a v\u00fd\u0161ivkou bieleho anjelika.\u00a0Pod dekora\u010dn\u00fa v\u00fd\u0161ivku sa vy\u0161\u00edva meno die\u0165atka, d\u00e1tum narodenia, d\u00e1tum krstu a vami zvolen\u00fd text. Naj\u010dastej\u0161ie sa&#8230;<\/p>\n","protected":false},"featured_media":4116,"comment_status":"open","ping_status":"closed","template":"","meta":{"_kad_blocks_custom_css":"","_kad_blocks_head_custom_js":"","_kad_blocks_body_custom_js":"","_kad_blocks_footer_custom_js":"","_kad_post_transparent":"default","_kad_post_title":"","_kad_post_layout":"default","_kad_post_sidebar_id":"","_kad_post_content_style":"default","_kad_post_vertical_padding":"default","_kad_post_feature":"","_kad_post_feature_position":"","_kad_post_header":false,"_kad_post_footer":false,"_kad_post_classname":""},"product_brand":[],"product_cat":[44,178],"product_tag":[],"class_list":{"0":"post-4535","1":"product","2":"type-product","3":"status-publish","4":"has-post-thumbnail","6":"product_cat-chlapcenske","7":"product_cat-bavlnene-kosielky-na-krst-chlapcenske","8":"product_shipping_class-doporuceny-list","10":"first","11":"instock","12":"sale","13":"taxable","14":"shipping-taxable","15":"purchasable","16":"product-type-simple","17":"entry","18":"content-bg","19":"loop-entry"},"exclude_global_add_ons":false,"addons":[{"name":"Vypl\u0148te polia, ktor\u00e9 si \u017eel\u00e1te vy\u0161i\u0165 na ko\u0161ie\u013eku:","type":"heading","position":0,"required":false,"title_format":"label","default":"","description_enable":false,"description":"","placeholder_enable":false,"placeholder":"","display":"select","restrictions_type":"any_text","adjust_price":false,"price":"","price_type":"flat_fee","restrictions":false,"min":"0","max":"0","options":[],"id":1695452426},{"name":"Other text:","type":"custom_text","position":1,"required":false,"title_format":"label","default":"","description_enable":false,"description":"napr. Som Bo\u017eie die\u0165a","placeholder_enable":false,"placeholder":"","display":"select","restrictions_type":"any_text","adjust_price":true,"price":"1.5","price_type":"quantity_based","restrictions":false,"min":"0","max":"0","options":[],"id":1695452427},{"name":"Meno:","type":"custom_text","position":2,"required":false,"title_format":"label","default":"","description_enable":false,"description":"napr. Oliver","placeholder_enable":false,"placeholder":"","display":"select","restrictions_type":"any_text","adjust_price":true,"price":"2","price_type":"quantity_based","restrictions":false,"min":"0","max":"0","options":[],"id":1695452428},{"name":"D\u00e1tum narodenia:","type":"custom_text","position":3,"required":false,"title_format":"label","default":"","description_enable":false,"description":"napr. 1.1.2022","placeholder_enable":false,"placeholder":"","display":"select","restrictions_type":"any_text","adjust_price":true,"price":"1","price_type":"quantity_based","restrictions":false,"min":"0","max":"0","options":[],"id":1695452429},{"name":"D\u00e1tum krstu:","type":"custom_text","position":4,"required":false,"title_format":"label","default":"","description_enable":false,"description":"napr. 1.2.2022","placeholder_enable":false,"placeholder":"","display":"select","restrictions_type":"any_text","adjust_price":true,"price":"1","price_type":"quantity_based","restrictions":false,"min":"0","max":"0","options":[],"id":1695452430},{"name":"Typ ko\u0161ie\u013eky:","type":"multiple_choice","position":5,"required":true,"title_format":"label","default":"","description_enable":false,"description":"","placeholder_enable":false,"placeholder":"","display":"radiobutton","restrictions_type":"any_text","adjust_price":true,"price":"","price_type":"flat_fee","restrictions":false,"min":"0","max":"0","options":[{"label":"S golierom","price":"","price_type":"flat_fee","image":0,"visibility":true},{"label":"Bez goliera","price":"","price_type":"flat_fee","image":0,"visibility":true},{"label":"R\u00facho","price":"","price_type":"flat_fee","image":0,"visibility":true}],"id":1695452431},{"name":"Typ p\u00edsma:","type":"multiple_choice","position":6,"required":true,"title_format":"label","default":"","description_enable":false,"description":"","placeholder_enable":false,"placeholder":"","display":"radiobutton","restrictions_type":"any_text","adjust_price":false,"price":"","price_type":"flat_fee","restrictions":false,"min":"0","max":"0","options":[{"label":"Tla\u010den\u00e9 p\u00edsmo","price":"","price_type":"flat_fee","image":0,"visibility":true},{"label":"P\u00edsan\u00e9 p\u00edsmo","price":"1.50","price_type":"quantity_based","image":0,"visibility":true}],"id":1695452432},{"name":"Vzor na golieri:","type":"multiple_choice","position":7,"required":false,"title_format":"label","default":"","description_enable":false,"description":"","placeholder_enable":false,"placeholder":"","display":"radiobutton","restrictions_type":"any_text","adjust_price":false,"price":"","price_type":"flat_fee","restrictions":false,"min":"0","max":"0","options":[{"label":"Tulip\u00e1n","price":"","price_type":"flat_fee","image":0,"visibility":true},{"label":"Ornament","price":"","price_type":"flat_fee","image":0,"visibility":true},{"label":"Ru\u017ei\u010dka","price":"","price_type":"flat_fee","image":0,"visibility":true},{"label":"Pepitko","price":"","price_type":"flat_fee","image":0,"visibility":true}],"id":1695452433},{"name":"Farba vzoru na golieri:","type":"multiple_choice","position":8,"required":false,"title_format":"label","default":"","description_enable":false,"description":"","placeholder_enable":false,"placeholder":"","display":"radiobutton","restrictions_type":"any_text","adjust_price":false,"price":"","price_type":"flat_fee","restrictions":false,"min":"0","max":"0","options":[{"label":"biela","price":"","price_type":"flat_fee","image":0,"visibility":true},{"label":"modr\u00e1","price":"","price_type":"flat_fee","image":0,"visibility":true},{"label":"ru\u017eov\u00e1","price":"","price_type":"flat_fee","image":0,"visibility":true},{"label":"zlat\u00e1","price":"0.5","price_type":"quantity_based","image":0,"visibility":true},{"label":"strieborn\u00e1","price":"0.5","price_type":"quantity_based","image":0,"visibility":true}],"id":1695452434},{"name":"Farba in\u00e9ho textu:","type":"multiple_choice","position":9,"required":false,"title_format":"label","default":"","description_enable":false,"description":"","placeholder_enable":false,"placeholder":"","display":"radiobutton","restrictions_type":"any_text","adjust_price":false,"price":"","price_type":"flat_fee","restrictions":false,"min":"0","max":"0","options":[{"label":"biela","price":"","price_type":"flat_fee","image":0,"visibility":true},{"label":"modr\u00e1","price":"","price_type":"flat_fee","image":0,"visibility":true},{"label":"ru\u017eov\u00e1","price":"","price_type":"flat_fee","image":0,"visibility":true},{"label":"zlat\u00e1","price":"0.5","price_type":"quantity_based","image":0,"visibility":true},{"label":"strieborn\u00e1","price":"0.5","price_type":"quantity_based","image":0,"visibility":true}],"id":1695452435},{"name":"Farba mena:","type":"multiple_choice","position":10,"required":false,"title_format":"label","default":"","description_enable":false,"description":"","placeholder_enable":false,"placeholder":"","display":"radiobutton","restrictions_type":"any_text","adjust_price":false,"price":"","price_type":"flat_fee","restrictions":false,"min":"0","max":"0","options":[{"label":"biela","price":"","price_type":"flat_fee","image":0,"visibility":true},{"label":"modr\u00e1","price":"","price_type":"flat_fee","image":0,"visibility":true},{"label":"ru\u017eov\u00e1","price":"","price_type":"flat_fee","image":0,"visibility":true},{"label":"zlat\u00e1","price":"0.5","price_type":"quantity_based","image":0,"visibility":true},{"label":"strieborn\u00e1","price":"0.5","price_type":"quantity_based","image":0,"visibility":true}],"id":1695452436},{"name":"Farba d\u00e1tumov:","type":"multiple_choice","position":11,"required":false,"title_format":"label","default":"","description_enable":false,"description":"","placeholder_enable":false,"placeholder":"","display":"radiobutton","restrictions_type":"any_text","adjust_price":false,"price":"","price_type":"flat_fee","restrictions":false,"min":"0","max":"0","options":[{"label":"biela","price":"","price_type":"flat_fee","image":0,"visibility":true},{"label":"modr\u00e1","price":"","price_type":"flat_fee","image":0,"visibility":true},{"label":"ru\u017eov\u00e1","price":"","price_type":"flat_fee","image":0,"visibility":true},{"label":"zlat\u00e1","price":"0.5","price_type":"quantity_based","image":0,"visibility":true},{"label":"strieborn\u00e1","price":"0.5","price_type":"quantity_based","image":0,"visibility":true}],"id":1695452437},{"name":"Odosla\u0165 do:","type":"multiple_choice","position":12,"required":true,"title_format":"label","default":"","description_enable":false,"description":"","placeholder_enable":false,"placeholder":"","display":"radiobutton","restrictions_type":"any_text","adjust_price":false,"price":"","price_type":"flat_fee","restrictions":false,"min":"0","max":"0","options":[{"label":"7 dn\u00ed","price":"","price_type":"flat_fee","image":0,"visibility":true},{"label":"3 dn\u00ed","price":"3","price_type":"flat_fee","image":0,"visibility":true},{"label":"24 h","price":"5","price_type":"flat_fee","image":0,"visibility":true}],"id":1695452438},{"name":"Ak si \u017eel\u00e1te nie\u010do upresni\u0165, nap\u00ed\u0161te to pros\u00edm tu:","type":"custom_textarea","position":13,"required":false,"title_format":"label","default":"","description_enable":false,"description":"","placeholder_enable":false,"placeholder":"","display":"select","restrictions_type":"any_text","adjust_price":false,"price":"","price_type":"flat_fee","restrictions":false,"min":"0","max":"0","options":[],"id":1695452439},{"name":"Farba","type":"multiple_choice","position":0,"required":true,"title_format":"label","default":"","description_enable":false,"description":"","placeholder_enable":false,"placeholder":"","display":"radiobutton","restrictions_type":"any_text","adjust_price":false,"price":"","price_type":"flat_fee","restrictions":false,"min":"0","max":"0","options":[{"label":"Biela","price":"","price_type":"flat_fee","image":0,"visibility":true},{"label":"\u010cierna","price":"","price_type":"flat_fee","image":0,"visibility":true},{"label":"Siv\u00e1","price":"","price_type":"flat_fee","image":0,"visibility":true},{"label":"\u010cerven\u00e1","price":"","price_type":"flat_fee","image":0,"visibility":true},{"label":"Modr\u00e1","price":"","price_type":"flat_fee","image":0,"visibility":true},{"label":"Zelen\u00e1","price":"","price_type":"flat_fee","image":0,"visibility":true},{"label":"\u017dlt\u00e1","price":"","price_type":"flat_fee","image":0,"visibility":true}]},{"name":"Ve\u013ekos\u0165","type":"multiple_choice","position":1,"required":true,"title_format":"label","default":"","description_enable":false,"description":"","placeholder_enable":false,"placeholder":"","display":"radiobutton","restrictions_type":"any_text","adjust_price":false,"price":"","price_type":"flat_fee","restrictions":false,"min":"0","max":"0","options":[{"label":"XS","price":"","price_type":"flat_fee","image":0,"visibility":true},{"label":"S","price":"","price_type":"flat_fee","image":0,"visibility":true},{"label":"M","price":"","price_type":"flat_fee","image":0,"visibility":true},{"label":"L","price":"","price_type":"flat_fee","image":0,"visibility":true},{"label":"XL","price":"","price_type":"flat_fee","image":0,"visibility":true},{"label":"XXL","price":"","price_type":"flat_fee","image":0,"visibility":true},{"label":"XXXL","price":"","price_type":"flat_fee","image":0,"visibility":true}]},{"name":"V\u00fd\u0161ivka","type":"multiple_choice","position":2,"required":true,"title_format":"label","default":"","description_enable":false,"description":"","placeholder_enable":false,"placeholder":"","display":"select","restrictions_type":"any_text","adjust_price":false,"price":"","price_type":"flat_fee","restrictions":false,"min":"0","max":"0","options":[{"label":"\u013dudov\u00fd vzor 1","price":"","price_type":"flat_fee","image":0,"visibility":true},{"label":"\u013dudov\u00fd vzor 2","price":"","price_type":"flat_fee","image":0,"visibility":true},{"label":"\u013dudov\u00fd vzor 3","price":"","price_type":"flat_fee","image":0,"visibility":true},{"label":"\u013dudov\u00fd vzor 4","price":"","price_type":"flat_fee","image":0,"visibility":true}]},{"name":"Ak si \u017eel\u00e1te nie\u010do upresni\u0165 nap\u00ed\u0161te to pros\u00edm tu:","type":"custom_text","position":3,"required":false,"title_format":"label","default":"","description_enable":false,"description":"","placeholder_enable":false,"placeholder":"","display":"select","restrictions_type":"any_text","adjust_price":false,"price":"","price_type":"flat_fee","restrictions":false,"min":"0","max":"0","options":[]},{"name":"Farba","type":"multiple_choice","position":0,"required":true,"title_format":"label","default":"","description_enable":false,"description":"","placeholder_enable":false,"placeholder":"","display":"radiobutton","restrictions_type":"any_text","adjust_price":false,"price":"","price_type":"flat_fee","restrictions":false,"min":"0","max":"0","options":[{"label":"Biela","price":"","price_type":"flat_fee","image":0,"visibility":true},{"label":"\u010cierna","price":"","price_type":"flat_fee","image":0,"visibility":true},{"label":"Siv\u00e1","price":"","price_type":"flat_fee","image":0,"visibility":true},{"label":"\u010cerven\u00e1","price":"","price_type":"flat_fee","image":0,"visibility":true},{"label":"Modr\u00e1","price":"","price_type":"flat_fee","image":0,"visibility":true},{"label":"Zelen\u00e1","price":"","price_type":"flat_fee","image":0,"visibility":true},{"label":"\u017dlt\u00e1","price":"","price_type":"flat_fee","image":0,"visibility":true}]},{"name":"Ve\u013ekos\u0165","type":"multiple_choice","position":1,"required":true,"title_format":"label","default":"","description_enable":false,"description":"","placeholder_enable":false,"placeholder":"","display":"radiobutton","restrictions_type":"any_text","adjust_price":false,"price":"","price_type":"flat_fee","restrictions":false,"min":"0","max":"0","options":[{"label":"XS","price":"","price_type":"flat_fee","image":0,"visibility":true},{"label":"S","price":"","price_type":"flat_fee","image":0,"visibility":true},{"label":"M","price":"","price_type":"flat_fee","image":0,"visibility":true},{"label":"L","price":"","price_type":"flat_fee","image":0,"visibility":true},{"label":"XL","price":"","price_type":"flat_fee","image":0,"visibility":true},{"label":"XXL","price":"","price_type":"flat_fee","image":0,"visibility":true},{"label":"XXXL","price":"","price_type":"flat_fee","image":0,"visibility":true}]},{"name":"V\u00fd\u0161ivka","type":"multiple_choice","position":2,"required":true,"title_format":"label","default":"","description_enable":false,"description":"","placeholder_enable":false,"placeholder":"","display":"select","restrictions_type":"any_text","adjust_price":false,"price":"","price_type":"flat_fee","restrictions":false,"min":"0","max":"0","options":[{"label":"SR znak","price":"","price_type":"flat_fee","image":0,"visibility":true},{"label":"SR znak","price":"","price_type":"flat_fee","image":0,"visibility":true},{"label":"SR vlajka","price":"","price_type":"flat_fee","image":0,"visibility":true},{"label":"SR vlajka","price":"","price_type":"flat_fee","image":0,"visibility":true},{"label":"SR mapa","price":"","price_type":"flat_fee","image":0,"visibility":true},{"label":"SR kr\u00eddlo","price":"","price_type":"flat_fee","image":0,"visibility":true}]},{"name":"Rozmer na \u0161\u00edrku","type":"multiple_choice","position":3,"required":true,"title_format":"label","default":"","description_enable":false,"description":"","placeholder_enable":false,"placeholder":"","display":"select","restrictions_type":"any_text","adjust_price":false,"price":"","price_type":"flat_fee","restrictions":false,"min":"0","max":"0","options":[{"label":"4 cm","price":"","price_type":"flat_fee","image":0,"visibility":true},{"label":"5 cm","price":"","price_type":"flat_fee","image":0,"visibility":true},{"label":"6 cm","price":"","price_type":"flat_fee","image":0,"visibility":true},{"label":"7 cm","price":"","price_type":"flat_fee","image":0,"visibility":true},{"label":"8 cm","price":"","price_type":"flat_fee","image":0,"visibility":true}]},{"name":"Umiestnenie","type":"custom_text","position":4,"required":true,"title_format":"label","default":"","description_enable":false,"description":"napr. na hru\u010f - na stranu ako je srdce","placeholder_enable":false,"placeholder":"","display":"select","restrictions_type":"any_text","adjust_price":false,"price":"","price_type":"flat_fee","restrictions":false,"min":"0","max":"0","options":[]},{"name":"Ak si \u017eel\u00e1te nie\u010do upresni\u0165 nap\u00ed\u0161te to pros\u00edm tu:","type":"custom_text","position":5,"required":false,"title_format":"label","default":"","description_enable":false,"description":"","placeholder_enable":false,"placeholder":"","display":"select","restrictions_type":"any_text","adjust_price":false,"price":"","price_type":"flat_fee","restrictions":false,"min":"0","max":"0","options":[]},{"name":"Farba","type":"multiple_choice","position":0,"required":true,"title_format":"label","default":"","description_enable":false,"description":"","placeholder_enable":false,"placeholder":"","display":"radiobutton","restrictions_type":"any_text","adjust_price":false,"price":"","price_type":"flat_fee","restrictions":false,"min":"0","max":"0","options":[{"label":"Biela","price":"","price_type":"flat_fee","image":0,"visibility":true},{"label":"\u010cierna","price":"","price_type":"flat_fee","image":0,"visibility":true},{"label":"Siv\u00e1","price":"","price_type":"flat_fee","image":0,"visibility":true},{"label":"\u010cerven\u00e1","price":"","price_type":"flat_fee","image":0,"visibility":true},{"label":"Modr\u00e1","price":"","price_type":"flat_fee","image":0,"visibility":true},{"label":"Zelen\u00e1","price":"","price_type":"flat_fee","image":0,"visibility":true},{"label":"\u017dlt\u00e1","price":"","price_type":"flat_fee","image":0,"visibility":true}]},{"name":"Text","type":"custom_text","position":1,"required":true,"title_format":"label","default":"","description_enable":false,"description":"","placeholder_enable":false,"placeholder":"","display":"select","restrictions_type":"any_text","adjust_price":false,"price":"","price_type":"flat_fee","restrictions":false,"min":"0","max":"0","options":[]},{"name":"Ve\u013ekos\u0165","type":"multiple_choice","position":2,"required":true,"title_format":"label","default":"","description_enable":false,"description":"","placeholder_enable":false,"placeholder":"","display":"radiobutton","restrictions_type":"any_text","adjust_price":false,"price":"","price_type":"flat_fee","restrictions":false,"min":"0","max":"0","options":[{"label":"XS","price":"","price_type":"flat_fee","image":0,"visibility":true},{"label":"S","price":"","price_type":"flat_fee","image":0,"visibility":true},{"label":"M","price":"","price_type":"flat_fee","image":0,"visibility":true},{"label":"L","price":"","price_type":"flat_fee","image":0,"visibility":true},{"label":"XL","price":"","price_type":"flat_fee","image":0,"visibility":true},{"label":"XXL","price":"","price_type":"flat_fee","image":0,"visibility":true},{"label":"XXXL","price":"","price_type":"flat_fee","image":0,"visibility":true}]},{"name":"Typ p\u00edsma","type":"multiple_choice","position":3,"required":true,"title_format":"label","default":"","description_enable":false,"description":"","placeholder_enable":false,"placeholder":"","display":"select","restrictions_type":"any_text","adjust_price":false,"price":"","price_type":"flat_fee","restrictions":false,"min":"0","max":"0","options":[{"label":"Tla\u010den\u00e9 1","price":"","price_type":"flat_fee","image":0,"visibility":true},{"label":"Tla\u010den\u00e9 2","price":"","price_type":"flat_fee","image":0,"visibility":true},{"label":"P\u00edsan\u00e9 1","price":"","price_type":"flat_fee","image":0,"visibility":true},{"label":"P\u00edsan\u00e9 2","price":"","price_type":"flat_fee","image":0,"visibility":true}]},{"name":"Farba p\u00edsma","type":"multiple_choice","position":4,"required":true,"title_format":"label","default":"","description_enable":false,"description":"","placeholder_enable":false,"placeholder":"","display":"radiobutton","restrictions_type":"any_text","adjust_price":false,"price":"","price_type":"flat_fee","restrictions":false,"min":"0","max":"0","options":[{"label":"Biela","price":"","price_type":"flat_fee","image":0,"visibility":true},{"label":"\u010cierna","price":"","price_type":"flat_fee","image":0,"visibility":true},{"label":"Siv\u00e1 - tmav\u00e1","price":"","price_type":"flat_fee","image":0,"visibility":true},{"label":"Siv\u00e1 - svetl\u00e1","price":"","price_type":"flat_fee","image":0,"visibility":true},{"label":"\u010cerven\u00e1","price":"","price_type":"flat_fee","image":0,"visibility":true},{"label":"Modr\u00e1","price":"","price_type":"flat_fee","image":0,"visibility":true},{"label":"Zelen\u00e1","price":"","price_type":"flat_fee","image":0,"visibility":true},{"label":"\u017dlt\u00e1","price":"","price_type":"flat_fee","image":0,"visibility":true},{"label":"Zlat\u00e1","price":"","price_type":"flat_fee","image":0,"visibility":true}]},{"name":"Rozmer - na \u0161\u00edrku","type":"custom_text","position":5,"required":true,"title_format":"label","default":"","description_enable":false,"description":"","placeholder_enable":false,"placeholder":"","display":"select","restrictions_type":"only_numbers","adjust_price":false,"price":"","price_type":"flat_fee","restrictions":false,"min":"0","max":"0","options":[]},{"name":"Umiestnenie","type":"custom_text","position":6,"required":true,"title_format":"label","default":"","description_enable":false,"description":"napr. na hru\u010f - na stranu ako je srdce","placeholder_enable":false,"placeholder":"","display":"select","restrictions_type":"any_text","adjust_price":false,"price":"","price_type":"flat_fee","restrictions":false,"min":"0","max":"0","options":[]}],"taxonomy_info":{"product_cat":[{"value":178,"label":"Bavlnen\u00e9 ko\u0161ie\u013eky na krst"},{"value":115,"label":"Boys' baptismal shirts"}]},"featured_image_src_large":["https:\/\/tommyneedle.sk\/wp-content\/uploads\/2019\/07\/anj1biela-600x600.jpg",600,600,true],"author_info":[],"comment_info":0,"_links":{"self":[{"href":"https:\/\/tommyneedle.sk\/en\/wp-json\/wp\/v2\/product\/4535","targetHints":{"allow":["GET"]}}],"collection":[{"href":"https:\/\/tommyneedle.sk\/en\/wp-json\/wp\/v2\/product"}],"about":[{"href":"https:\/\/tommyneedle.sk\/en\/wp-json\/wp\/v2\/types\/product"}],"replies":[{"embeddable":true,"href":"https:\/\/tommyneedle.sk\/en\/wp-json\/wp\/v2\/comments?post=4535"}],"wp:featuredmedia":[{"embeddable":true,"href":"https:\/\/tommyneedle.sk\/en\/wp-json\/wp\/v2\/media\/4116"}],"wp:attachment":[{"href":"https:\/\/tommyneedle.sk\/en\/wp-json\/wp\/v2\/media?parent=4535"}],"wp:term":[{"taxonomy":"product_brand","embeddable":true,"href":"https:\/\/tommyneedle.sk\/en\/wp-json\/wp\/v2\/product_brand?post=4535"},{"taxonomy":"product_cat","embeddable":true,"href":"https:\/\/tommyneedle.sk\/en\/wp-json\/wp\/v2\/product_cat?post=4535"},{"taxonomy":"product_tag","embeddable":true,"href":"https:\/\/tommyneedle.sk\/en\/wp-json\/wp\/v2\/product_tag?post=4535"}],"curies":[{"name":"wp","href":"https:\/\/api.w.org\/{rel}","templated":true}]}}