{"id":5254,"date":"2020-01-04T21:31:23","date_gmt":"2020-01-04T21:31:23","guid":{"rendered":"https:\/\/www.tommyneedle.sk\/?post_type=product&#038;p=5254"},"modified":"2024-07-09T13:37:13","modified_gmt":"2024-07-09T13:37:13","slug":"bavlnena-kosielka-na-krst-ludova-2","status":"publish","type":"product","link":"https:\/\/tommyneedle.sk\/en\/produkt\/bavlnena-kosielka-na-krst-ludova-2\/","title":{"rendered":"Bavlnen\u00e1 ko\u0161ie\u013eka na krst &#8211; \u013dudov\u00e1 2"},"content":{"rendered":"<p style=\"text-align: justify;\">Ve\u013ekos\u0165: 56<\/p>\n<p style=\"text-align: justify;\">Zlo\u017eenie: 100 % bavlna<\/p>\n<p>Vyroben\u00e9 na Slovensku.<\/p>\n<p><strong><a href=\"https:\/\/www.tommyneedle.sk\/krst-vsetko-co-potrebujete-vediet\/\" target=\"_blank\" rel=\"noopener\">Krst &#8211; V\u0161etko \u010co Potrebujete Vedie\u0165<\/a><\/strong><\/p>\n<p style=\"text-align: justify;\">Bavlnen\u00e1 ko\u0161ie\u013eka na krst <strong>bez goliera alebo s golierom <\/strong>a <strong>\u013eudovou v\u00fd\u0161ivkou.<\/strong>\u00a0Pod dekora\u010dn\u00fa v\u00fd\u0161ivku sa vy\u0161\u00edva <strong>meno die\u0165atka<\/strong>, <strong>d\u00e1tum narodenia<\/strong>, <strong>d\u00e1tum krstu<\/strong> a vami zvolen\u00fd <strong>text<\/strong>. Naj\u010dastej\u0161ie sa vol\u00ed text &#8220;<strong>Som Bo\u017eie die\u0165a<\/strong>&#8220;. Tieto inform\u00e1cie pros\u00edm vypl\u0148te do kol\u00f3niek vy\u0161\u0161ie a kliknite na tla\u010didlo &#8220;<strong>Prida\u0165 do ko\u0161\u00edka<\/strong>&#8220;. <span style=\"color: #ff0000;\"><span style=\"color: #000000;\">Ve\u013ekos\u0165 ko\u0161ie\u013eky nie je podstatn\u00e1, nako\u013eko sa k die\u0165a\u0165u len symbolicky priklad\u00e1<\/span> <strong>(neoblieka sa)<\/strong>.<\/span><\/p>\n<p style=\"text-align: justify;\"><strong>V pr\u00edpade ot\u00e1zok n\u00e1s kontaktujte<\/strong> <span style=\"text-decoration: underline;\"><strong><a href=\"https:\/\/www.tommyneedle.sk\/kontakt\/\" target=\"_blank\" rel=\"noopener noreferrer\">tu<\/a><\/strong><\/span>.<\/p>\n","protected":false},"excerpt":{"rendered":"<p>Ve\u013ekos\u0165: 56 Zlo\u017eenie: 100 % bavlna Vyroben\u00e9 na Slovensku. Krst &#8211; V\u0161etko \u010co Potrebujete Vedie\u0165 Bavlnen\u00e1 ko\u0161ie\u013eka na krst bez goliera alebo s golierom a \u013eudovou v\u00fd\u0161ivkou.\u00a0Pod dekora\u010dn\u00fa v\u00fd\u0161ivku sa vy\u0161\u00edva meno die\u0165atka, d\u00e1tum narodenia, d\u00e1tum krstu a vami zvolen\u00fd text. Naj\u010dastej\u0161ie sa vol\u00ed text &#8220;Som Bo\u017eie die\u0165a&#8220;. Tieto inform\u00e1cie pros\u00edm vypl\u0148te do kol\u00f3niek vy\u0161\u0161ie&#8230;<\/p>\n","protected":false},"featured_media":9238,"comment_status":"open","ping_status":"closed","template":"","meta":{"_kad_blocks_custom_css":"","_kad_blocks_head_custom_js":"","_kad_blocks_body_custom_js":"","_kad_blocks_footer_custom_js":"","_kad_post_transparent":"default","_kad_post_title":"","_kad_post_layout":"default","_kad_post_sidebar_id":"","_kad_post_content_style":"default","_kad_post_vertical_padding":"default","_kad_post_feature":"","_kad_post_feature_position":"","_kad_post_header":false,"_kad_post_footer":false,"_kad_post_classname":""},"product_brand":[],"product_cat":[43,177],"product_tag":[],"class_list":{"0":"post-5254","1":"product","2":"type-product","3":"status-publish","4":"has-post-thumbnail","6":"product_cat-dievcenske","7":"product_cat-bavlnene-kosielky-na-krst","8":"product_shipping_class-doporuceny-list","10":"first","11":"instock","12":"sale","13":"taxable","14":"shipping-taxable","15":"purchasable","16":"product-type-simple","17":"entry","18":"content-bg","19":"loop-entry"},"exclude_global_add_ons":true,"addons":[{"name":"Vypl\u0148te polia, ktor\u00e9 si \u017eel\u00e1te vy\u0161i\u0165 na ko\u0161ie\u013eku:","type":"heading","position":0,"required":false,"title_format":"label","default":"","description_enable":false,"description":"","placeholder_enable":false,"placeholder":"","display":"select","restrictions_type":"any_text","adjust_price":false,"price":"","price_type":"flat_fee","restrictions":false,"min":"0","max":"0","options":[],"id":1720532234},{"name":"In\u00fd text:","type":"custom_text","position":1,"required":false,"title_format":"label","default":"","description_enable":false,"description":"napr. Som Bo\u017eie die\u0165a","placeholder_enable":false,"placeholder":"","display":"select","restrictions_type":"any_text","adjust_price":true,"price":"1.5","price_type":"quantity_based","restrictions":false,"min":"0","max":"0","options":[],"id":1720532235},{"name":"Meno:","type":"custom_text","position":2,"required":false,"title_format":"label","default":"","description_enable":false,"description":"napr. Oliver","placeholder_enable":false,"placeholder":"","display":"select","restrictions_type":"any_text","adjust_price":true,"price":"2","price_type":"quantity_based","restrictions":false,"min":"0","max":"0","options":[],"id":1720532236},{"name":"D\u00e1tum narodenia:","type":"custom_text","position":3,"required":false,"title_format":"label","default":"","description_enable":false,"description":"napr. 1.1.2022","placeholder_enable":false,"placeholder":"","display":"select","restrictions_type":"any_text","adjust_price":true,"price":"1","price_type":"quantity_based","restrictions":false,"min":"0","max":"0","options":[],"id":1720532237},{"name":"D\u00e1tum krstu:","type":"custom_text","position":4,"required":false,"title_format":"label","default":"","description_enable":false,"description":"napr. 1.2.2022","placeholder_enable":false,"placeholder":"","display":"select","restrictions_type":"any_text","adjust_price":true,"price":"1","price_type":"quantity_based","restrictions":false,"min":"0","max":"0","options":[],"id":1720532238},{"name":"Typ ko\u0161ie\u013eky:","type":"multiple_choice","position":5,"required":true,"title_format":"label","default":"","description_enable":false,"description":"","placeholder_enable":false,"placeholder":"","display":"radiobutton","restrictions_type":"any_text","adjust_price":true,"price":"","price_type":"flat_fee","restrictions":false,"min":"0","max":"0","options":[{"label":"S golierom","price":"","price_type":"flat_fee","image":0,"visibility":true},{"label":"Bez goliera","price":"","price_type":"flat_fee","image":0,"visibility":true},{"label":"R\u00facho","price":"","price_type":"flat_fee","image":0,"visibility":true}],"id":1720532239},{"name":"Typ p\u00edsma:","type":"multiple_choice","position":6,"required":true,"title_format":"label","default":"","description_enable":false,"description":"","placeholder_enable":false,"placeholder":"","display":"radiobutton","restrictions_type":"any_text","adjust_price":false,"price":"","price_type":"flat_fee","restrictions":false,"min":"0","max":"0","options":[{"label":"Tla\u010den\u00e9 p\u00edsmo","price":"","price_type":"flat_fee","image":0,"visibility":true},{"label":"P\u00edsan\u00e9 p\u00edsmo","price":"1.5","price_type":"quantity_based","image":0,"visibility":true}],"id":1720532240},{"name":"Farba vzoru na golieri:","type":"multiple_choice","position":7,"required":false,"title_format":"label","default":"","description_enable":false,"description":"","placeholder_enable":false,"placeholder":"","display":"radiobutton","restrictions_type":"any_text","adjust_price":false,"price":"","price_type":"flat_fee","restrictions":false,"min":"0","max":"0","options":[{"label":"biela","price":"","price_type":"flat_fee","image":0,"visibility":true},{"label":"\u010derven\u00e1","price":"","price_type":"flat_fee","image":0,"visibility":true}],"id":1720532241},{"name":"Farba in\u00e9ho textu:","type":"multiple_choice","position":8,"required":false,"title_format":"label","default":"","description_enable":false,"description":"","placeholder_enable":false,"placeholder":"","display":"radiobutton","restrictions_type":"any_text","adjust_price":false,"price":"","price_type":"flat_fee","restrictions":false,"min":"0","max":"0","options":[{"label":"biela","price":"","price_type":"flat_fee","image":0,"visibility":true},{"label":"\u010derven\u00e1","price":"","price_type":"flat_fee","image":0,"visibility":true}],"id":1720532242},{"name":"Farba mena:","type":"multiple_choice","position":9,"required":false,"title_format":"label","default":"","description_enable":false,"description":"","placeholder_enable":false,"placeholder":"","display":"radiobutton","restrictions_type":"any_text","adjust_price":false,"price":"","price_type":"flat_fee","restrictions":false,"min":"0","max":"0","options":[{"label":"biela","price":"","price_type":"flat_fee","image":0,"visibility":true},{"label":"\u010derven\u00e1","price":"","price_type":"flat_fee","image":0,"visibility":true}],"id":1720532243},{"name":"Farba d\u00e1tumov:","type":"multiple_choice","position":10,"required":false,"title_format":"label","default":"","description_enable":false,"description":"","placeholder_enable":false,"placeholder":"","display":"radiobutton","restrictions_type":"any_text","adjust_price":false,"price":"","price_type":"flat_fee","restrictions":false,"min":"0","max":"0","options":[{"label":"biela","price":"","price_type":"flat_fee","image":0,"visibility":true},{"label":"\u010derven\u00e1","price":"","price_type":"flat_fee","image":0,"visibility":true}],"id":1720532244},{"name":"Odosla\u0165 do:","type":"multiple_choice","position":11,"required":true,"title_format":"label","default":"","description_enable":false,"description":"","placeholder_enable":false,"placeholder":"","display":"radiobutton","restrictions_type":"any_text","adjust_price":false,"price":"","price_type":"flat_fee","restrictions":false,"min":"0","max":"0","options":[{"label":"7 dn\u00ed","price":"","price_type":"flat_fee","image":0,"visibility":true},{"label":"3 dn\u00ed","price":"2","price_type":"quantity_based","image":0,"visibility":true},{"label":"24 h","price":"5","price_type":"quantity_based","image":0,"visibility":true}],"id":1720532245},{"name":"Ak si \u017eel\u00e1te nie\u010do upresni\u0165, nap\u00ed\u0161te to pros\u00edm tu:","type":"custom_textarea","position":12,"required":false,"title_format":"label","default":"","description_enable":false,"description":"","placeholder_enable":false,"placeholder":"","display":"select","restrictions_type":"any_text","adjust_price":false,"price":"","price_type":"flat_fee","restrictions":false,"min":"0","max":"0","options":[],"id":1720532246}],"taxonomy_info":{"product_cat":[{"value":43,"label":"Diev\u010densk\u00e9 ko\u0161ie\u013eky na krst"},{"value":177,"label":"Bavlnen\u00e9 ko\u0161ie\u013eky na krst"}]},"featured_image_src_large":["https:\/\/tommyneedle.sk\/wp-content\/uploads\/2020\/01\/img-2358-1-600x400.jpg",600,400,true],"author_info":[],"comment_info":0,"_links":{"self":[{"href":"https:\/\/tommyneedle.sk\/en\/wp-json\/wp\/v2\/product\/5254","targetHints":{"allow":["GET"]}}],"collection":[{"href":"https:\/\/tommyneedle.sk\/en\/wp-json\/wp\/v2\/product"}],"about":[{"href":"https:\/\/tommyneedle.sk\/en\/wp-json\/wp\/v2\/types\/product"}],"replies":[{"embeddable":true,"href":"https:\/\/tommyneedle.sk\/en\/wp-json\/wp\/v2\/comments?post=5254"}],"wp:featuredmedia":[{"embeddable":true,"href":"https:\/\/tommyneedle.sk\/en\/wp-json\/wp\/v2\/media\/9238"}],"wp:attachment":[{"href":"https:\/\/tommyneedle.sk\/en\/wp-json\/wp\/v2\/media?parent=5254"}],"wp:term":[{"taxonomy":"product_brand","embeddable":true,"href":"https:\/\/tommyneedle.sk\/en\/wp-json\/wp\/v2\/product_brand?post=5254"},{"taxonomy":"product_cat","embeddable":true,"href":"https:\/\/tommyneedle.sk\/en\/wp-json\/wp\/v2\/product_cat?post=5254"},{"taxonomy":"product_tag","embeddable":true,"href":"https:\/\/tommyneedle.sk\/en\/wp-json\/wp\/v2\/product_tag?post=5254"}],"curies":[{"name":"wp","href":"https:\/\/api.w.org\/{rel}","templated":true}]}}