{"id":5515,"date":"2020-01-07T13:53:48","date_gmt":"2020-01-07T13:53:48","guid":{"rendered":"https:\/\/www.tommyneedle.sk\/?post_type=product&#038;p=5515"},"modified":"2024-07-10T10:59:38","modified_gmt":"2024-07-10T10:59:38","slug":"satenova-kosielka-na-krst-srdce-2-zlata-strieborna-2","status":"publish","type":"product","link":"https:\/\/tommyneedle.sk\/en\/produkt\/satenova-kosielka-na-krst-srdce-2-zlata-strieborna-2\/","title":{"rendered":"Sat\u00e9nov\u00e1 ko\u0161ie\u013eka na krst &#8211; Srdce 2 zlat\u00e1 alebo strieborn\u00e1"},"content":{"rendered":"<p style=\"text-align: justify;\">Ve\u013ekos\u0165: 56<\/p>\n<p style=\"text-align: justify;\">Zlo\u017eenie: 100 % polyester<\/p>\n<p>Vyroben\u00e9 na Slovensku.<\/p>\n<p><strong><a href=\"https:\/\/www.tommyneedle.sk\/krst-vsetko-co-potrebujete-vediet\/\" target=\"_blank\" rel=\"noopener\">Krst &#8211; V\u0161etko \u010co Potrebujete Vedie\u0165<\/a><\/strong><\/p>\n<p style=\"text-align: justify;\">Sat\u00e9nov\u00e1 ko\u0161ie\u013eka na krst s<strong> v\u00fd\u0161ivkou srdca v kombin\u00e1cii striebornej, alebo zlatej a bielej farby<\/strong>. Pri sat\u00e9novej ko\u0161ie\u013eke si m\u00f4\u017eete vybra\u0165 <strong>typ ko\u0161ie\u013eky 1 a\u017e 6<\/strong>. Na ko\u0161ie\u013eku je mo\u017en\u00e9 vy\u0161i\u0165 <strong>meno<\/strong> die\u0165atka, <strong>d\u00e1tum<\/strong> <strong>narodenia<\/strong>, <strong>d\u00e1tum<\/strong> <strong>krstu<\/strong> a vami zvolen\u00fd <strong>text<\/strong>. Naj\u010dastej\u0161ie sa vol\u00ed text <strong>&#8220;Som Bo\u017eie die\u0165a&#8221;<\/strong>. Tieto inform\u00e1cie pros\u00edm vypl\u0148te do kol\u00f3niek vy\u0161\u0161ie a kliknite na tla\u010didlo <strong>&#8220;Prida\u0165 do ko\u0161\u00edka&#8221;<\/strong>. <span style=\"color: #ff0000;\"><span style=\"color: #000000;\">Ve\u013ekos\u0165 ko\u0161ie\u013eky nie je podstatn\u00e1, nako\u013eko sa k die\u0165a\u0165u len symbolicky priklad\u00e1<\/span> <strong>(neoblieka sa)<\/strong>.<\/span><\/p>\n<p style=\"text-align: justify;\"><strong>V pr\u00edpade ot\u00e1zok n\u00e1s kontaktujte<\/strong> <span style=\"text-decoration: underline;\"><strong><a href=\"https:\/\/www.tommyneedle.sk\/kontakt\/\" target=\"_blank\" rel=\"noopener noreferrer\">tu<\/a><\/strong><\/span>.<\/p>\n","protected":false},"excerpt":{"rendered":"<p>Ve\u013ekos\u0165: 56 Zlo\u017eenie: 100 % polyester Vyroben\u00e9 na Slovensku. Krst &#8211; V\u0161etko \u010co Potrebujete Vedie\u0165 Sat\u00e9nov\u00e1 ko\u0161ie\u013eka na krst s v\u00fd\u0161ivkou srdca v kombin\u00e1cii striebornej, alebo zlatej a bielej farby. Pri sat\u00e9novej ko\u0161ie\u013eke si m\u00f4\u017eete vybra\u0165 typ ko\u0161ie\u013eky 1 a\u017e 6. Na ko\u0161ie\u013eku je mo\u017en\u00e9 vy\u0161i\u0165 meno die\u0165atka, d\u00e1tum narodenia, d\u00e1tum krstu a vami zvolen\u00fd&#8230;<\/p>\n","protected":false},"featured_media":5327,"comment_status":"open","ping_status":"closed","template":"","meta":{"_kad_blocks_custom_css":"","_kad_blocks_head_custom_js":"","_kad_blocks_body_custom_js":"","_kad_blocks_footer_custom_js":"","_kad_post_transparent":"default","_kad_post_title":"","_kad_post_layout":"default","_kad_post_sidebar_id":"","_kad_post_content_style":"default","_kad_post_vertical_padding":"default","_kad_post_feature":"","_kad_post_feature_position":"","_kad_post_header":false,"_kad_post_footer":false,"_kad_post_classname":""},"product_brand":[],"product_cat":[44],"product_tag":[],"class_list":{"0":"post-5515","1":"product","2":"type-product","3":"status-publish","4":"has-post-thumbnail","6":"product_cat-chlapcenske","7":"product_shipping_class-doporuceny-list","9":"first","10":"instock","11":"sale","12":"taxable","13":"shipping-taxable","14":"purchasable","15":"product-type-simple","16":"entry","17":"content-bg","18":"loop-entry"},"exclude_global_add_ons":[],"addons":[],"taxonomy_info":{"product_cat":[{"value":115,"label":"Boys' baptismal shirts"}]},"featured_image_src_large":["https:\/\/tommyneedle.sk\/wp-content\/uploads\/2020\/01\/img_2017-600x600.jpg",600,600,true],"author_info":[],"comment_info":0,"_links":{"self":[{"href":"https:\/\/tommyneedle.sk\/en\/wp-json\/wp\/v2\/product\/5515","targetHints":{"allow":["GET"]}}],"collection":[{"href":"https:\/\/tommyneedle.sk\/en\/wp-json\/wp\/v2\/product"}],"about":[{"href":"https:\/\/tommyneedle.sk\/en\/wp-json\/wp\/v2\/types\/product"}],"replies":[{"embeddable":true,"href":"https:\/\/tommyneedle.sk\/en\/wp-json\/wp\/v2\/comments?post=5515"}],"wp:featuredmedia":[{"embeddable":true,"href":"https:\/\/tommyneedle.sk\/en\/wp-json\/wp\/v2\/media\/5327"}],"wp:attachment":[{"href":"https:\/\/tommyneedle.sk\/en\/wp-json\/wp\/v2\/media?parent=5515"}],"wp:term":[{"taxonomy":"product_brand","embeddable":true,"href":"https:\/\/tommyneedle.sk\/en\/wp-json\/wp\/v2\/product_brand?post=5515"},{"taxonomy":"product_cat","embeddable":true,"href":"https:\/\/tommyneedle.sk\/en\/wp-json\/wp\/v2\/product_cat?post=5515"},{"taxonomy":"product_tag","embeddable":true,"href":"https:\/\/tommyneedle.sk\/en\/wp-json\/wp\/v2\/product_tag?post=5515"}],"curies":[{"name":"wp","href":"https:\/\/api.w.org\/{rel}","templated":true}]}}