{"id":5586,"date":"2020-01-23T12:36:16","date_gmt":"2020-01-23T12:36:16","guid":{"rendered":"https:\/\/www.tommyneedle.sk\/?post_type=product&#038;p=5586"},"modified":"2025-08-08T12:16:43","modified_gmt":"2025-08-08T12:16:43","slug":"sviecky-top3","status":"publish","type":"product","link":"https:\/\/tommyneedle.sk\/en\/produkt\/sviecky-top3\/","title":{"rendered":"Svie\u010dka na krst 320 g &#8211; TOP 3"},"content":{"rendered":"<p>Svie\u010dka na krst zhotoven\u00e1 z bieleho vosku, zdoben\u00e1 kr\u00ed\u017eom a holubicou. Svie\u010dka je v 2 farebn\u00fdch prevedeniach.<\/p>\n<p>Priemer: \u2205 35 mm<br \/>\nHmotnos\u0165: 320 g<br \/>\nD\u013a\u017eka: 39 cm<\/p>\n","protected":false},"excerpt":{"rendered":"<p>Svie\u010dka na krst zhotoven\u00e1 z bieleho vosku, zdoben\u00e1 kr\u00ed\u017eom a holubicou. Svie\u010dka je v 2 farebn\u00fdch prevedeniach. Priemer: \u2205 35 mm Hmotnos\u0165: 320 g D\u013a\u017eka: 39 cm<\/p>\n","protected":false},"featured_media":5602,"comment_status":"open","ping_status":"closed","template":"","meta":{"_kad_blocks_custom_css":"","_kad_blocks_head_custom_js":"","_kad_blocks_body_custom_js":"","_kad_blocks_footer_custom_js":"","_kad_post_transparent":"default","_kad_post_title":"","_kad_post_layout":"default","_kad_post_sidebar_id":"","_kad_post_content_style":"default","_kad_post_vertical_padding":"default","_kad_post_feature":"","_kad_post_feature_position":"","_kad_post_header":false,"_kad_post_footer":false,"_kad_post_classname":""},"product_brand":[],"product_cat":[18],"product_tag":[],"class_list":{"0":"post-5586","1":"product","2":"type-product","3":"status-publish","4":"has-post-thumbnail","6":"product_cat-sviecky-na-krst","7":"product_shipping_class-krehka-zasielka","9":"first","10":"instock","11":"sale","12":"taxable","13":"shipping-taxable","14":"purchasable","15":"product-type-variable","16":"entry","17":"content-bg","18":"loop-entry"},"exclude_global_add_ons":[],"addons":[],"taxonomy_info":{"product_cat":[{"value":18,"label":"Svie\u010dky na krst"}]},"featured_image_src_large":["https:\/\/tommyneedle.sk\/wp-content\/uploads\/2020\/01\/img_2118-600x600.jpg",600,600,true],"author_info":[],"comment_info":0,"_links":{"self":[{"href":"https:\/\/tommyneedle.sk\/en\/wp-json\/wp\/v2\/product\/5586","targetHints":{"allow":["GET"]}}],"collection":[{"href":"https:\/\/tommyneedle.sk\/en\/wp-json\/wp\/v2\/product"}],"about":[{"href":"https:\/\/tommyneedle.sk\/en\/wp-json\/wp\/v2\/types\/product"}],"replies":[{"embeddable":true,"href":"https:\/\/tommyneedle.sk\/en\/wp-json\/wp\/v2\/comments?post=5586"}],"wp:featuredmedia":[{"embeddable":true,"href":"https:\/\/tommyneedle.sk\/en\/wp-json\/wp\/v2\/media\/5602"}],"wp:attachment":[{"href":"https:\/\/tommyneedle.sk\/en\/wp-json\/wp\/v2\/media?parent=5586"}],"wp:term":[{"taxonomy":"product_brand","embeddable":true,"href":"https:\/\/tommyneedle.sk\/en\/wp-json\/wp\/v2\/product_brand?post=5586"},{"taxonomy":"product_cat","embeddable":true,"href":"https:\/\/tommyneedle.sk\/en\/wp-json\/wp\/v2\/product_cat?post=5586"},{"taxonomy":"product_tag","embeddable":true,"href":"https:\/\/tommyneedle.sk\/en\/wp-json\/wp\/v2\/product_tag?post=5586"}],"curies":[{"name":"wp","href":"https:\/\/api.w.org\/{rel}","templated":true}]}}