{"id":5959,"date":"2020-02-24T14:37:57","date_gmt":"2020-02-24T14:37:57","guid":{"rendered":"https:\/\/www.tommyneedle.sk\/?post_type=product&#038;p=5959"},"modified":"2025-05-26T10:48:59","modified_gmt":"2025-05-26T10:48:59","slug":"bavlnena-kosielka-na-krst-cista-2-2","status":"publish","type":"product","link":"https:\/\/tommyneedle.sk\/en\/produkt\/bavlnena-kosielka-na-krst-cista-2-2\/","title":{"rendered":"Bavlnen\u00e1 ko\u0161ie\u013eka na krst &#8211; \u010cist\u00e1 2"},"content":{"rendered":"<p>Ve\u013ekos\u0165: 56<\/p>\n<p>Zlo\u017eenie: 100 % bavlna<\/p>\n<p>Vyroben\u00e9 na Slovensku.<\/p>\n<p><strong><a href=\"https:\/\/www.tommyneedle.sk\/krst-vsetko-co-potrebujete-vediet\/\" target=\"_blank\" rel=\"noopener\">Krst &#8211; V\u0161etko \u010co Potrebujete Vedie\u0165<\/a><\/strong><\/p>\n<p>\u010cist\u00e1 ko\u0161ie\u013eka na krst <strong>bez goliera<\/strong>. Na ko\u0161ie\u013eku je mo\u017en\u00e9 vy\u0161i\u0165 <strong>meno die\u0165atka, d\u00e1tum narodenia, d\u00e1tum krstu<\/strong> a vami zvolen\u00fd <strong>text<\/strong>. Naj\u010dastej\u0161ie sa vol\u00ed text <strong>&#8220;Som Bo\u017eie die\u0165a&#8221;<\/strong>. Tieto inform\u00e1cie pros\u00edm vypl\u0148te do kol\u00f3niek vy\u0161\u0161ie a kliknite na tla\u010didlo <strong>&#8220;Prida\u0165 do ko\u0161\u00edka&#8221;<\/strong>. <span style=\"color: #ff0000;\"><span style=\"color: #000000;\">Ve\u013ekos\u0165 ko\u0161ie\u013eky nie je podstatn\u00e1, nako\u013eko sa k die\u0165a\u0165u len symbolicky priklad\u00e1<\/span> <strong>(neoblieka sa)<\/strong>.<\/span><\/p>\n<p style=\"text-align: justify;\"><strong>V pr\u00edpade ot\u00e1zok n\u00e1s kontaktujte<\/strong> <span style=\"text-decoration: underline;\"><strong><a href=\"https:\/\/www.tommyneedle.sk\/kontakt\/\" target=\"_blank\" rel=\"noopener noreferrer\">tu<\/a><\/strong><\/span>.<\/p>\n","protected":false},"excerpt":{"rendered":"<p>Ve\u013ekos\u0165: 56 Zlo\u017eenie: 100 % bavlna Vyroben\u00e9 na Slovensku. Krst &#8211; V\u0161etko \u010co Potrebujete Vedie\u0165 \u010cist\u00e1 ko\u0161ie\u013eka na krst bez goliera. Na ko\u0161ie\u013eku je mo\u017en\u00e9 vy\u0161i\u0165 meno die\u0165atka, d\u00e1tum narodenia, d\u00e1tum krstu a vami zvolen\u00fd text. Naj\u010dastej\u0161ie sa vol\u00ed text &#8220;Som Bo\u017eie die\u0165a&#8221;. Tieto inform\u00e1cie pros\u00edm vypl\u0148te do kol\u00f3niek vy\u0161\u0161ie a kliknite na tla\u010didlo &#8220;Prida\u0165&#8230;<\/p>\n","protected":false},"featured_media":5969,"comment_status":"open","ping_status":"closed","template":"","meta":{"_kad_blocks_custom_css":"","_kad_blocks_head_custom_js":"","_kad_blocks_body_custom_js":"","_kad_blocks_footer_custom_js":"","_kad_post_transparent":"default","_kad_post_title":"","_kad_post_layout":"default","_kad_post_sidebar_id":"","_kad_post_content_style":"default","_kad_post_vertical_padding":"default","_kad_post_feature":"","_kad_post_feature_position":"","_kad_post_header":false,"_kad_post_footer":false,"_kad_post_classname":""},"product_brand":[],"product_cat":[43,177],"product_tag":[],"class_list":{"0":"post-5959","1":"product","2":"type-product","3":"status-publish","4":"has-post-thumbnail","6":"product_cat-dievcenske","7":"product_cat-bavlnene-kosielky-na-krst","8":"product_shipping_class-doporuceny-list","10":"first","11":"instock","12":"sale","13":"taxable","14":"shipping-taxable","15":"purchasable","16":"product-type-simple","17":"entry","18":"content-bg","19":"loop-entry"},"exclude_global_add_ons":true,"addons":[{"name":"Vypl\u0148te polia, ktor\u00e9 si \u017eel\u00e1te vy\u0161i\u0165 na ko\u0161ie\u013eku:","type":"heading","position":0,"required":false,"title_format":"label","default":"","description_enable":false,"description":"","placeholder_enable":false,"placeholder":"","display":"select","restrictions_type":"any_text","adjust_price":false,"price":"","price_type":"flat_fee","restrictions":false,"min":"0","max":"0","options":[],"id":1695635909},{"name":"In\u00fd text:","type":"custom_text","position":1,"required":false,"title_format":"label","default":"","description_enable":false,"description":"","placeholder_enable":false,"placeholder":"","display":"select","restrictions_type":"any_text","adjust_price":true,"price":"1.5","price_type":"quantity_based","restrictions":false,"min":"0","max":"0","options":[],"id":1695635910},{"name":"Meno:","type":"custom_text","position":2,"required":false,"title_format":"label","default":"","description_enable":false,"description":"","placeholder_enable":false,"placeholder":"","display":"select","restrictions_type":"any_text","adjust_price":true,"price":"2","price_type":"quantity_based","restrictions":false,"min":"0","max":"0","options":[],"id":1695635911},{"name":"D\u00e1tum narodenia:","type":"custom_text","position":3,"required":false,"title_format":"label","default":"","description_enable":false,"description":"","placeholder_enable":false,"placeholder":"","display":"select","restrictions_type":"any_text","adjust_price":true,"price":"1","price_type":"quantity_based","restrictions":false,"min":"0","max":"0","options":[],"id":1695635912},{"name":"D\u00e1tum krstu:","type":"custom_text","position":4,"required":false,"title_format":"label","default":"","description_enable":false,"description":"","placeholder_enable":false,"placeholder":"","display":"select","restrictions_type":"any_text","adjust_price":true,"price":"1","price_type":"quantity_based","restrictions":false,"min":"0","max":"0","options":[],"id":1695635913},{"name":"Typ p\u00edsma:","type":"multiple_choice","position":5,"required":false,"title_format":"heading","default":"","description_enable":false,"description":"","placeholder_enable":false,"placeholder":"","display":"radiobutton","restrictions_type":"any_text","adjust_price":false,"price":"","price_type":"flat_fee","restrictions":false,"min":"0","max":"0","options":[{"label":"Tla\u010den\u00e9 p\u00edsmo","price":"","price_type":"quantity_based","image":0,"visibility":true},{"label":"P\u00edsan\u00e9 p\u00edsmo","price":"1.5","price_type":"quantity_based","image":0,"visibility":true}],"id":1695635914},{"name":"Farba in\u00e9ho textu:","type":"multiple_choice","position":6,"required":false,"title_format":"heading","default":"","description_enable":false,"description":"","placeholder_enable":false,"placeholder":"","display":"radiobutton","restrictions_type":"any_text","adjust_price":false,"price":"","price_type":"flat_fee","restrictions":false,"min":"0","max":"0","options":[{"label":"biela","price":"","price_type":"quantity_based","image":0,"visibility":true},{"label":"modr\u00e1","price":"","price_type":"quantity_based","image":0,"visibility":true},{"label":"ru\u017eov\u00e1","price":"","price_type":"quantity_based","image":0,"visibility":true},{"label":"zlat\u00e1","price":"0.50","price_type":"quantity_based","image":0,"visibility":true},{"label":"strieborn\u00e1","price":"0.50","price_type":"quantity_based","image":0,"visibility":true}],"id":1695635915},{"name":"Farba mena:","type":"multiple_choice","position":7,"required":false,"title_format":"heading","default":"","description_enable":false,"description":"","placeholder_enable":false,"placeholder":"","display":"radiobutton","restrictions_type":"any_text","adjust_price":false,"price":"","price_type":"flat_fee","restrictions":false,"min":"0","max":"0","options":[{"label":"biela","price":"","price_type":"quantity_based","image":0,"visibility":true},{"label":"modr\u00e1","price":"","price_type":"quantity_based","image":0,"visibility":true},{"label":"ru\u017eov\u00e1","price":"","price_type":"quantity_based","image":0,"visibility":true},{"label":"zlat\u00e1","price":"0.50","price_type":"quantity_based","image":0,"visibility":true},{"label":"strieborn\u00e1","price":"0.50","price_type":"quantity_based","image":0,"visibility":true}],"id":1695635916},{"name":"Farba d\u00e1tumov:","type":"multiple_choice","position":8,"required":false,"title_format":"heading","default":"","description_enable":false,"description":"","placeholder_enable":false,"placeholder":"","display":"radiobutton","restrictions_type":"any_text","adjust_price":false,"price":"","price_type":"flat_fee","restrictions":false,"min":"0","max":"0","options":[{"label":"biela","price":"","price_type":"quantity_based","image":0,"visibility":true},{"label":"modr\u00e1","price":"","price_type":"quantity_based","image":0,"visibility":true},{"label":"ru\u017eov\u00e1","price":"","price_type":"quantity_based","image":0,"visibility":true},{"label":"zlat\u00e1","price":"0.50","price_type":"quantity_based","image":0,"visibility":true},{"label":"strieborn\u00e1","price":"0.50","price_type":"quantity_based","image":0,"visibility":true}],"id":1695635917},{"name":"Odosla\u0165 do:","type":"multiple_choice","position":9,"required":true,"title_format":"heading","default":"","description_enable":false,"description":"","placeholder_enable":false,"placeholder":"","display":"radiobutton","restrictions_type":"any_text","adjust_price":false,"price":"","price_type":"flat_fee","restrictions":false,"min":"0","max":"0","options":[{"label":"7 dn\u00ed","price":"","price_type":"quantity_based","image":0,"visibility":true},{"label":"3 dn\u00ed","price":"3","price_type":"flat_fee","image":0,"visibility":true},{"label":"24 h","price":"5","price_type":"flat_fee","image":0,"visibility":true}],"id":1695635918},{"name":"Ak si \u017eel\u00e1te nie\u010do upresni\u0165, nap\u00ed\u0161te to pros\u00edm tu:","type":"custom_textarea","position":10,"required":false,"title_format":"label","default":"","description_enable":false,"description":"","placeholder_enable":false,"placeholder":"","display":"select","restrictions_type":"any_text","adjust_price":false,"price":"","price_type":"flat_fee","restrictions":false,"min":"0","max":"0","options":[],"id":1695635919}],"taxonomy_info":{"product_cat":[{"value":43,"label":"Diev\u010densk\u00e9 ko\u0161ie\u013eky na krst"},{"value":177,"label":"Bavlnen\u00e9 ko\u0161ie\u013eky na krst"}]},"featured_image_src_large":["https:\/\/tommyneedle.sk\/wp-content\/uploads\/2020\/02\/img_2214-600x600.jpg",600,600,true],"author_info":[],"comment_info":0,"_links":{"self":[{"href":"https:\/\/tommyneedle.sk\/en\/wp-json\/wp\/v2\/product\/5959","targetHints":{"allow":["GET"]}}],"collection":[{"href":"https:\/\/tommyneedle.sk\/en\/wp-json\/wp\/v2\/product"}],"about":[{"href":"https:\/\/tommyneedle.sk\/en\/wp-json\/wp\/v2\/types\/product"}],"replies":[{"embeddable":true,"href":"https:\/\/tommyneedle.sk\/en\/wp-json\/wp\/v2\/comments?post=5959"}],"wp:featuredmedia":[{"embeddable":true,"href":"https:\/\/tommyneedle.sk\/en\/wp-json\/wp\/v2\/media\/5969"}],"wp:attachment":[{"href":"https:\/\/tommyneedle.sk\/en\/wp-json\/wp\/v2\/media?parent=5959"}],"wp:term":[{"taxonomy":"product_brand","embeddable":true,"href":"https:\/\/tommyneedle.sk\/en\/wp-json\/wp\/v2\/product_brand?post=5959"},{"taxonomy":"product_cat","embeddable":true,"href":"https:\/\/tommyneedle.sk\/en\/wp-json\/wp\/v2\/product_cat?post=5959"},{"taxonomy":"product_tag","embeddable":true,"href":"https:\/\/tommyneedle.sk\/en\/wp-json\/wp\/v2\/product_tag?post=5959"}],"curies":[{"name":"wp","href":"https:\/\/api.w.org\/{rel}","templated":true}]}}