{"id":6139,"date":"2020-03-04T12:24:09","date_gmt":"2020-03-04T12:24:09","guid":{"rendered":"https:\/\/www.tommyneedle.sk\/?post_type=product&#038;p=6139"},"modified":"2022-02-05T19:06:45","modified_gmt":"2022-02-05T19:06:45","slug":"bavlnena-kosielka-cista-2-kopia","status":"publish","type":"product","link":"https:\/\/tommyneedle.sk\/en\/produkt\/bavlnena-kosielka-cista-2-kopia\/","title":{"rendered":"Body s \u013eudovou v\u00fd\u0161ivkou"},"content":{"rendered":"<p>Bavlnen\u00e9 body na ktorom si m\u00f4\u017eete necha\u0165 vy\u0161i\u0165 \u013eudovou v\u00fd\u0161ivku vo farbe ak\u00fa si zvol\u00edte.<\/p>\n<p>Zlo\u017eenie: 100 % Bavlna<\/p>\n<p>Ve\u013ekosti:<\/p>\n<ul>\n<li><strong style=\"font-family: var(--global-body-font-family);\">56<\/strong><span style=\"font-family: var(--global-body-font-family);\"> (0-1 mesiac)<\/span><\/li>\n<li><strong>62\u00a0<\/strong> (1-3 mesiace)<\/li>\n<li><strong>68<\/strong> (3-6 mesiacov)<\/li>\n<li><strong>74<\/strong> (6-9 mesiacov)<\/li>\n<li><strong>80<\/strong> (9-12 mesiacov)<\/li>\n<li><strong>86 (<\/strong>12-18 mesiacov)<\/li>\n<\/ul>\n<p style=\"text-align: justify;\"><strong>V pr\u00edpade ot\u00e1zok n\u00e1s kontaktujte<\/strong> <span style=\"text-decoration: underline;\"><strong><a href=\"https:\/\/www.tommyneedle.sk\/kontakt\/\" target=\"_blank\" rel=\"noopener noreferrer\">tu<\/a><\/strong><\/span>.<\/p>\n","protected":false},"excerpt":{"rendered":"<p>Bavlnen\u00e9 body na ktorom si m\u00f4\u017eete necha\u0165 vy\u0161i\u0165 \u013eudovou v\u00fd\u0161ivku vo farbe ak\u00fa si zvol\u00edte. Zlo\u017eenie: 100 % Bavlna Ve\u013ekosti: 56 (0-1 mesiac) 62\u00a0 (1-3 mesiace) 68 (3-6 mesiacov) 74 (6-9 mesiacov) 80 (9-12 mesiacov) 86 (12-18 mesiacov) V pr\u00edpade ot\u00e1zok n\u00e1s kontaktujte tu.<\/p>\n","protected":false},"featured_media":5610,"comment_status":"open","ping_status":"closed","template":"","meta":{"_kad_blocks_custom_css":"","_kad_blocks_head_custom_js":"","_kad_blocks_body_custom_js":"","_kad_blocks_footer_custom_js":"","_kad_post_transparent":"default","_kad_post_title":"","_kad_post_layout":"default","_kad_post_sidebar_id":"","_kad_post_content_style":"default","_kad_post_vertical_padding":"default","_kad_post_feature":"","_kad_post_feature_position":"","_kad_post_header":false,"_kad_post_footer":false,"_kad_post_classname":""},"product_brand":[],"product_cat":[20],"product_tag":[],"class_list":{"0":"post-6139","1":"product","2":"type-product","3":"status-publish","4":"has-post-thumbnail","6":"product_cat-kosielky-sviecky-na-krst","7":"product_shipping_class-doporuceny-list","9":"first","10":"instock","11":"taxable","12":"shipping-taxable","13":"purchasable","14":"product-type-simple","15":"entry","16":"content-bg","17":"loop-entry"},"exclude_global_add_ons":false,"addons":[{"name":"Ve\u013ekos\u0165:","type":"multiple_choice","position":0,"required":true,"title_format":"heading","default":"","description_enable":false,"description":"","placeholder_enable":false,"placeholder":"","display":"radiobutton","restrictions_type":"any_text","adjust_price":false,"price":"","price_type":"flat_fee","restrictions":false,"min":"0","max":"0","options":[{"label":"56","price":"","price_type":"quantity_based","image":0,"visibility":true},{"label":"62","price":"","price_type":"quantity_based","image":0,"visibility":true},{"label":"68","price":"","price_type":"quantity_based","image":0,"visibility":true},{"label":"74","price":"","price_type":"quantity_based","image":0,"visibility":true},{"label":"80","price":"","price_type":"quantity_based","image":0,"visibility":true},{"label":"86","price":"","price_type":"quantity_based","image":0,"visibility":true}]},{"name":"V\u00fd\u0161ivka:","type":"multiple_choice","position":1,"required":false,"title_format":"heading","default":"","description_enable":false,"description":"","placeholder_enable":false,"placeholder":"","display":"radiobutton","restrictions_type":"any_text","adjust_price":false,"price":"","price_type":"flat_fee","restrictions":false,"min":"0","max":"0","options":[{"label":"Modr\u00e1","price":"3","price_type":"quantity_based","image":0,"visibility":true},{"label":"Ru\u017eov\u00e1","price":"3","price_type":"quantity_based","image":0,"visibility":true},{"label":"Farebn\u00e1","price":"5","price_type":"quantity_based","image":0,"visibility":true}]},{"name":"Odosla\u0165 do:","type":"multiple_choice","position":2,"required":true,"title_format":"heading","default":"","description_enable":false,"description":"","placeholder_enable":false,"placeholder":"","display":"radiobutton","restrictions_type":"any_text","adjust_price":false,"price":"","price_type":"flat_fee","restrictions":false,"min":"0","max":"0","options":[{"label":"7 dn\u00ed","price":"","price_type":"quantity_based","image":0,"visibility":true},{"label":"3 dn\u00ed","price":"2","price_type":"flat_fee","image":0,"visibility":true},{"label":"24 h","price":"5","price_type":"flat_fee","image":0,"visibility":true}]},{"name":"Ak si \u017eel\u00e1te nie\u010do upresni\u0165, nap\u00ed\u0161te to pros\u00edm tu:","type":"custom_textarea","position":3,"required":false,"title_format":"label","default":"","description_enable":false,"description":"","placeholder_enable":false,"placeholder":"","display":"select","restrictions_type":"any_text","adjust_price":false,"price":"","price_type":"flat_fee","restrictions":false,"min":"0","max":"0","options":[]},{"name":"Farba","type":"multiple_choice","position":0,"required":true,"title_format":"label","default":"","description_enable":false,"description":"","placeholder_enable":false,"placeholder":"","display":"radiobutton","restrictions_type":"any_text","adjust_price":false,"price":"","price_type":"flat_fee","restrictions":false,"min":"0","max":"0","options":[{"label":"Biela","price":"","price_type":"flat_fee","image":0,"visibility":true},{"label":"\u010cierna","price":"","price_type":"flat_fee","image":0,"visibility":true},{"label":"Siv\u00e1","price":"","price_type":"flat_fee","image":0,"visibility":true},{"label":"\u010cerven\u00e1","price":"","price_type":"flat_fee","image":0,"visibility":true},{"label":"Modr\u00e1","price":"","price_type":"flat_fee","image":0,"visibility":true},{"label":"Zelen\u00e1","price":"","price_type":"flat_fee","image":0,"visibility":true},{"label":"\u017dlt\u00e1","price":"","price_type":"flat_fee","image":0,"visibility":true}]},{"name":"Ve\u013ekos\u0165","type":"multiple_choice","position":1,"required":true,"title_format":"label","default":"","description_enable":false,"description":"","placeholder_enable":false,"placeholder":"","display":"radiobutton","restrictions_type":"any_text","adjust_price":false,"price":"","price_type":"flat_fee","restrictions":false,"min":"0","max":"0","options":[{"label":"XS","price":"","price_type":"flat_fee","image":0,"visibility":true},{"label":"S","price":"","price_type":"flat_fee","image":0,"visibility":true},{"label":"M","price":"","price_type":"flat_fee","image":0,"visibility":true},{"label":"L","price":"","price_type":"flat_fee","image":0,"visibility":true},{"label":"XL","price":"","price_type":"flat_fee","image":0,"visibility":true},{"label":"XXL","price":"","price_type":"flat_fee","image":0,"visibility":true},{"label":"XXXL","price":"","price_type":"flat_fee","image":0,"visibility":true}]},{"name":"V\u00fd\u0161ivka","type":"multiple_choice","position":2,"required":true,"title_format":"label","default":"","description_enable":false,"description":"","placeholder_enable":false,"placeholder":"","display":"select","restrictions_type":"any_text","adjust_price":false,"price":"","price_type":"flat_fee","restrictions":false,"min":"0","max":"0","options":[{"label":"\u013dudov\u00fd vzor 1","price":"","price_type":"flat_fee","image":0,"visibility":true},{"label":"\u013dudov\u00fd vzor 2","price":"","price_type":"flat_fee","image":0,"visibility":true},{"label":"\u013dudov\u00fd vzor 3","price":"","price_type":"flat_fee","image":0,"visibility":true},{"label":"\u013dudov\u00fd vzor 4","price":"","price_type":"flat_fee","image":0,"visibility":true}]},{"name":"Ak si \u017eel\u00e1te nie\u010do upresni\u0165 nap\u00ed\u0161te to pros\u00edm tu:","type":"custom_text","position":3,"required":false,"title_format":"label","default":"","description_enable":false,"description":"","placeholder_enable":false,"placeholder":"","display":"select","restrictions_type":"any_text","adjust_price":false,"price":"","price_type":"flat_fee","restrictions":false,"min":"0","max":"0","options":[]},{"name":"Farba","type":"multiple_choice","position":0,"required":true,"title_format":"label","default":"","description_enable":false,"description":"","placeholder_enable":false,"placeholder":"","display":"radiobutton","restrictions_type":"any_text","adjust_price":false,"price":"","price_type":"flat_fee","restrictions":false,"min":"0","max":"0","options":[{"label":"Biela","price":"","price_type":"flat_fee","image":0,"visibility":true},{"label":"\u010cierna","price":"","price_type":"flat_fee","image":0,"visibility":true},{"label":"Siv\u00e1","price":"","price_type":"flat_fee","image":0,"visibility":true},{"label":"\u010cerven\u00e1","price":"","price_type":"flat_fee","image":0,"visibility":true},{"label":"Modr\u00e1","price":"","price_type":"flat_fee","image":0,"visibility":true},{"label":"Zelen\u00e1","price":"","price_type":"flat_fee","image":0,"visibility":true},{"label":"\u017dlt\u00e1","price":"","price_type":"flat_fee","image":0,"visibility":true}]},{"name":"Ve\u013ekos\u0165","type":"multiple_choice","position":1,"required":true,"title_format":"label","default":"","description_enable":false,"description":"","placeholder_enable":false,"placeholder":"","display":"radiobutton","restrictions_type":"any_text","adjust_price":false,"price":"","price_type":"flat_fee","restrictions":false,"min":"0","max":"0","options":[{"label":"XS","price":"","price_type":"flat_fee","image":0,"visibility":true},{"label":"S","price":"","price_type":"flat_fee","image":0,"visibility":true},{"label":"M","price":"","price_type":"flat_fee","image":0,"visibility":true},{"label":"L","price":"","price_type":"flat_fee","image":0,"visibility":true},{"label":"XL","price":"","price_type":"flat_fee","image":0,"visibility":true},{"label":"XXL","price":"","price_type":"flat_fee","image":0,"visibility":true},{"label":"XXXL","price":"","price_type":"flat_fee","image":0,"visibility":true}]},{"name":"V\u00fd\u0161ivka","type":"multiple_choice","position":2,"required":true,"title_format":"label","default":"","description_enable":false,"description":"","placeholder_enable":false,"placeholder":"","display":"select","restrictions_type":"any_text","adjust_price":false,"price":"","price_type":"flat_fee","restrictions":false,"min":"0","max":"0","options":[{"label":"SR znak","price":"","price_type":"flat_fee","image":0,"visibility":true},{"label":"SR znak","price":"","price_type":"flat_fee","image":0,"visibility":true},{"label":"SR vlajka","price":"","price_type":"flat_fee","image":0,"visibility":true},{"label":"SR vlajka","price":"","price_type":"flat_fee","image":0,"visibility":true},{"label":"SR mapa","price":"","price_type":"flat_fee","image":0,"visibility":true},{"label":"SR kr\u00eddlo","price":"","price_type":"flat_fee","image":0,"visibility":true}]},{"name":"Rozmer na \u0161\u00edrku","type":"multiple_choice","position":3,"required":true,"title_format":"label","default":"","description_enable":false,"description":"","placeholder_enable":false,"placeholder":"","display":"select","restrictions_type":"any_text","adjust_price":false,"price":"","price_type":"flat_fee","restrictions":false,"min":"0","max":"0","options":[{"label":"4 cm","price":"","price_type":"flat_fee","image":0,"visibility":true},{"label":"5 cm","price":"","price_type":"flat_fee","image":0,"visibility":true},{"label":"6 cm","price":"","price_type":"flat_fee","image":0,"visibility":true},{"label":"7 cm","price":"","price_type":"flat_fee","image":0,"visibility":true},{"label":"8 cm","price":"","price_type":"flat_fee","image":0,"visibility":true}]},{"name":"Umiestnenie","type":"custom_text","position":4,"required":true,"title_format":"label","default":"","description_enable":false,"description":"napr. na hru\u010f - na stranu ako je srdce","placeholder_enable":false,"placeholder":"","display":"select","restrictions_type":"any_text","adjust_price":false,"price":"","price_type":"flat_fee","restrictions":false,"min":"0","max":"0","options":[]},{"name":"Ak si \u017eel\u00e1te nie\u010do upresni\u0165 nap\u00ed\u0161te to pros\u00edm tu:","type":"custom_text","position":5,"required":false,"title_format":"label","default":"","description_enable":false,"description":"","placeholder_enable":false,"placeholder":"","display":"select","restrictions_type":"any_text","adjust_price":false,"price":"","price_type":"flat_fee","restrictions":false,"min":"0","max":"0","options":[]},{"name":"Farba","type":"multiple_choice","position":0,"required":true,"title_format":"label","default":"","description_enable":false,"description":"","placeholder_enable":false,"placeholder":"","display":"radiobutton","restrictions_type":"any_text","adjust_price":false,"price":"","price_type":"flat_fee","restrictions":false,"min":"0","max":"0","options":[{"label":"Biela","price":"","price_type":"flat_fee","image":0,"visibility":true},{"label":"\u010cierna","price":"","price_type":"flat_fee","image":0,"visibility":true},{"label":"Siv\u00e1","price":"","price_type":"flat_fee","image":0,"visibility":true},{"label":"\u010cerven\u00e1","price":"","price_type":"flat_fee","image":0,"visibility":true},{"label":"Modr\u00e1","price":"","price_type":"flat_fee","image":0,"visibility":true},{"label":"Zelen\u00e1","price":"","price_type":"flat_fee","image":0,"visibility":true},{"label":"\u017dlt\u00e1","price":"","price_type":"flat_fee","image":0,"visibility":true}]},{"name":"Text","type":"custom_text","position":1,"required":true,"title_format":"label","default":"","description_enable":false,"description":"","placeholder_enable":false,"placeholder":"","display":"select","restrictions_type":"any_text","adjust_price":false,"price":"","price_type":"flat_fee","restrictions":false,"min":"0","max":"0","options":[]},{"name":"Ve\u013ekos\u0165","type":"multiple_choice","position":2,"required":true,"title_format":"label","default":"","description_enable":false,"description":"","placeholder_enable":false,"placeholder":"","display":"radiobutton","restrictions_type":"any_text","adjust_price":false,"price":"","price_type":"flat_fee","restrictions":false,"min":"0","max":"0","options":[{"label":"XS","price":"","price_type":"flat_fee","image":0,"visibility":true},{"label":"S","price":"","price_type":"flat_fee","image":0,"visibility":true},{"label":"M","price":"","price_type":"flat_fee","image":0,"visibility":true},{"label":"L","price":"","price_type":"flat_fee","image":0,"visibility":true},{"label":"XL","price":"","price_type":"flat_fee","image":0,"visibility":true},{"label":"XXL","price":"","price_type":"flat_fee","image":0,"visibility":true},{"label":"XXXL","price":"","price_type":"flat_fee","image":0,"visibility":true}]},{"name":"Typ p\u00edsma","type":"multiple_choice","position":3,"required":true,"title_format":"label","default":"","description_enable":false,"description":"","placeholder_enable":false,"placeholder":"","display":"select","restrictions_type":"any_text","adjust_price":false,"price":"","price_type":"flat_fee","restrictions":false,"min":"0","max":"0","options":[{"label":"Tla\u010den\u00e9 1","price":"","price_type":"flat_fee","image":0,"visibility":true},{"label":"Tla\u010den\u00e9 2","price":"","price_type":"flat_fee","image":0,"visibility":true},{"label":"P\u00edsan\u00e9 1","price":"","price_type":"flat_fee","image":0,"visibility":true},{"label":"P\u00edsan\u00e9 2","price":"","price_type":"flat_fee","image":0,"visibility":true}]},{"name":"Farba p\u00edsma","type":"multiple_choice","position":4,"required":true,"title_format":"label","default":"","description_enable":false,"description":"","placeholder_enable":false,"placeholder":"","display":"radiobutton","restrictions_type":"any_text","adjust_price":false,"price":"","price_type":"flat_fee","restrictions":false,"min":"0","max":"0","options":[{"label":"Biela","price":"","price_type":"flat_fee","image":0,"visibility":true},{"label":"\u010cierna","price":"","price_type":"flat_fee","image":0,"visibility":true},{"label":"Siv\u00e1 - tmav\u00e1","price":"","price_type":"flat_fee","image":0,"visibility":true},{"label":"Siv\u00e1 - svetl\u00e1","price":"","price_type":"flat_fee","image":0,"visibility":true},{"label":"\u010cerven\u00e1","price":"","price_type":"flat_fee","image":0,"visibility":true},{"label":"Modr\u00e1","price":"","price_type":"flat_fee","image":0,"visibility":true},{"label":"Zelen\u00e1","price":"","price_type":"flat_fee","image":0,"visibility":true},{"label":"\u017dlt\u00e1","price":"","price_type":"flat_fee","image":0,"visibility":true},{"label":"Zlat\u00e1","price":"","price_type":"flat_fee","image":0,"visibility":true}]},{"name":"Rozmer - na \u0161\u00edrku","type":"custom_text","position":5,"required":true,"title_format":"label","default":"","description_enable":false,"description":"","placeholder_enable":false,"placeholder":"","display":"select","restrictions_type":"only_numbers","adjust_price":false,"price":"","price_type":"flat_fee","restrictions":false,"min":"0","max":"0","options":[]},{"name":"Umiestnenie","type":"custom_text","position":6,"required":true,"title_format":"label","default":"","description_enable":false,"description":"napr. na hru\u010f - na stranu ako je srdce","placeholder_enable":false,"placeholder":"","display":"select","restrictions_type":"any_text","adjust_price":false,"price":"","price_type":"flat_fee","restrictions":false,"min":"0","max":"0","options":[]}],"taxonomy_info":{"product_cat":[{"value":20,"label":"Ko\u0161ie\u013eky &amp; Svie\u010dky na krst"}]},"featured_image_src_large":["https:\/\/tommyneedle.sk\/wp-content\/uploads\/2020\/01\/img_2153-600x600.jpg",600,600,true],"author_info":[],"comment_info":0,"_links":{"self":[{"href":"https:\/\/tommyneedle.sk\/en\/wp-json\/wp\/v2\/product\/6139","targetHints":{"allow":["GET"]}}],"collection":[{"href":"https:\/\/tommyneedle.sk\/en\/wp-json\/wp\/v2\/product"}],"about":[{"href":"https:\/\/tommyneedle.sk\/en\/wp-json\/wp\/v2\/types\/product"}],"replies":[{"embeddable":true,"href":"https:\/\/tommyneedle.sk\/en\/wp-json\/wp\/v2\/comments?post=6139"}],"wp:featuredmedia":[{"embeddable":true,"href":"https:\/\/tommyneedle.sk\/en\/wp-json\/wp\/v2\/media\/5610"}],"wp:attachment":[{"href":"https:\/\/tommyneedle.sk\/en\/wp-json\/wp\/v2\/media?parent=6139"}],"wp:term":[{"taxonomy":"product_brand","embeddable":true,"href":"https:\/\/tommyneedle.sk\/en\/wp-json\/wp\/v2\/product_brand?post=6139"},{"taxonomy":"product_cat","embeddable":true,"href":"https:\/\/tommyneedle.sk\/en\/wp-json\/wp\/v2\/product_cat?post=6139"},{"taxonomy":"product_tag","embeddable":true,"href":"https:\/\/tommyneedle.sk\/en\/wp-json\/wp\/v2\/product_tag?post=6139"}],"curies":[{"name":"wp","href":"https:\/\/api.w.org\/{rel}","templated":true}]}}