{"id":7953,"date":"2021-03-26T12:25:32","date_gmt":"2021-03-26T12:25:32","guid":{"rendered":"https:\/\/www.tommyneedle.sk\/?post_type=product&#038;p=7953"},"modified":"2026-05-07T13:57:54","modified_gmt":"2026-05-07T13:57:54","slug":"sviecka-150g-240-g-cista","status":"publish","type":"product","link":"https:\/\/tommyneedle.sk\/en\/produkt\/sviecka-150g-240-g-cista\/","title":{"rendered":"Svie\u010dka na krst 150g\/240 g &#8211; \u010cist\u00e1"},"content":{"rendered":"<p>Svie\u010dka na krst zhotoven\u00e1 z bieleho vosku, bez zdobenia.<\/p>\n<p>Svie\u010dka je v 2 ve\u013ekostiach:<\/p>\n<p>Priemer: \u2205 23 mm<br \/>\nHmotnos\u0165: 150 g<br \/>\nD\u013a\u017eka: 36 cm<\/p>\n<p>Priemer: \u2205 31 mm<br \/>\nHmotnos\u0165: 240 g<br \/>\nD\u013a\u017eka: 41,5 cm<\/p>\n","protected":false},"excerpt":{"rendered":"<p>Svie\u010dka na krst zhotoven\u00e1 z bieleho vosku, bez zdobenia. Svie\u010dka je v 2 ve\u013ekostiach: Priemer: \u2205 23 mm Hmotnos\u0165: 150 g D\u013a\u017eka: 36 cm Priemer: \u2205 31 mm Hmotnos\u0165: 240 g D\u013a\u017eka: 41,5 cm<\/p>\n","protected":false},"featured_media":8005,"comment_status":"open","ping_status":"closed","template":"","meta":{"_kad_blocks_custom_css":"","_kad_blocks_head_custom_js":"","_kad_blocks_body_custom_js":"","_kad_blocks_footer_custom_js":"","_kad_post_transparent":"default","_kad_post_title":"","_kad_post_layout":"default","_kad_post_sidebar_id":"","_kad_post_content_style":"default","_kad_post_vertical_padding":"default","_kad_post_feature":"","_kad_post_feature_position":"","_kad_post_header":false,"_kad_post_footer":false,"_kad_post_classname":""},"product_brand":[],"product_cat":[18],"product_tag":[],"class_list":{"0":"post-7953","1":"product","2":"type-product","3":"status-publish","4":"has-post-thumbnail","6":"product_cat-sviecky-na-krst","7":"product_shipping_class-krehka-zasielka","9":"first","10":"instock","11":"sale","12":"taxable","13":"shipping-taxable","14":"purchasable","15":"product-type-variable","16":"entry","17":"content-bg","18":"loop-entry"},"exclude_global_add_ons":[],"addons":[],"taxonomy_info":{"product_cat":[{"value":18,"label":"Svie\u010dky na krst"}]},"featured_image_src_large":["https:\/\/tommyneedle.sk\/wp-content\/uploads\/2021\/03\/sviecky-ciste-1-600x600.jpg",600,600,true],"author_info":[],"comment_info":0,"_links":{"self":[{"href":"https:\/\/tommyneedle.sk\/en\/wp-json\/wp\/v2\/product\/7953","targetHints":{"allow":["GET"]}}],"collection":[{"href":"https:\/\/tommyneedle.sk\/en\/wp-json\/wp\/v2\/product"}],"about":[{"href":"https:\/\/tommyneedle.sk\/en\/wp-json\/wp\/v2\/types\/product"}],"replies":[{"embeddable":true,"href":"https:\/\/tommyneedle.sk\/en\/wp-json\/wp\/v2\/comments?post=7953"}],"wp:featuredmedia":[{"embeddable":true,"href":"https:\/\/tommyneedle.sk\/en\/wp-json\/wp\/v2\/media\/8005"}],"wp:attachment":[{"href":"https:\/\/tommyneedle.sk\/en\/wp-json\/wp\/v2\/media?parent=7953"}],"wp:term":[{"taxonomy":"product_brand","embeddable":true,"href":"https:\/\/tommyneedle.sk\/en\/wp-json\/wp\/v2\/product_brand?post=7953"},{"taxonomy":"product_cat","embeddable":true,"href":"https:\/\/tommyneedle.sk\/en\/wp-json\/wp\/v2\/product_cat?post=7953"},{"taxonomy":"product_tag","embeddable":true,"href":"https:\/\/tommyneedle.sk\/en\/wp-json\/wp\/v2\/product_tag?post=7953"}],"curies":[{"name":"wp","href":"https:\/\/api.w.org\/{rel}","templated":true}]}}